{"id":36,"date":"2017-02-16T09:13:19","date_gmt":"2017-02-16T08:13:19","guid":{"rendered":"http:\/\/mxajfmgl.preview.infomaniak.website\/?page_id=36"},"modified":"2026-03-10T10:08:12","modified_gmt":"2026-03-10T09:08:12","slug":"home","status":"publish","type":"page","link":"https:\/\/whiskytwelve.fr\/en\/","title":{"rendered":"Home"},"content":{"rendered":"","protected":false},"excerpt":{"rendered":"","protected":false},"author":1,"featured_media":34232,"parent":0,"menu_order":0,"comment_status":"closed","ping_status":"closed","template":"","meta":{"_acf_changed":false,"footnotes":""},"class_list":["post-36","page","type-page","status-publish","has-post-thumbnail","hentry"],"acf":[],"yoast_head":"<!-- This site is optimized with the Yoast SEO plugin v27.3 - https:\/\/yoast.com\/product\/yoast-seo-wordpress\/ -->\n<title>Twelve Whisky : top-of-the-range French whisky<\/title>\n<meta name=\"description\" content=\"Nous produisons un whisky d&#039;exception en \u00e9dition limit\u00e9e dans notre distillerie au Presbyt\u00e8re des Anges \u00e0 Laguiole, en Occitanie.\" \/>\n<meta name=\"robots\" content=\"index, follow, max-snippet:-1, max-image-preview:large, max-video-preview:-1\" \/>\n<link rel=\"canonical\" href=\"https:\/\/whiskytwelve.fr\/en\/\" \/>\n<meta property=\"og:locale\" content=\"en_US\" \/>\n<meta property=\"og:type\" content=\"article\" \/>\n<meta property=\"og:title\" content=\"Twelve Whisky : top-of-the-range French whisky\" \/>\n<meta property=\"og:description\" content=\"Nous produisons un whisky d&#039;exception en \u00e9dition limit\u00e9e dans notre distillerie au Presbyt\u00e8re des Anges \u00e0 Laguiole, en Occitanie.\" \/>\n<meta property=\"og:url\" content=\"https:\/\/whiskytwelve.fr\/en\/\" \/>\n<meta property=\"og:site_name\" content=\"WHISKY TWELVE\" \/>\n<meta property=\"article:modified_time\" content=\"2026-03-10T09:08:12+00:00\" \/>\n<meta property=\"og:image\" content=\"https:\/\/whiskytwelve.fr\/wp-content\/uploads\/2023\/10\/330769468_1400355977374497_676451928304871742_n.jpeg\" \/>\n\t<meta property=\"og:image:width\" content=\"1200\" \/>\n\t<meta property=\"og:image:height\" content=\"1600\" \/>\n\t<meta property=\"og:image:type\" content=\"image\/jpeg\" \/>\n<meta name=\"twitter:card\" content=\"summary_large_image\" \/>\n<meta name=\"twitter:label1\" content=\"Est. reading time\" \/>\n\t<meta name=\"twitter:data1\" content=\"1 minute\" \/>\n<!-- \/ Yoast SEO plugin. -->","yoast_head_json":{"title":"Twelve Whisky : top-of-the-range French whisky","description":"Nous produisons un whisky d'exception en \u00e9dition limit\u00e9e dans notre distillerie au Presbyt\u00e8re des Anges \u00e0 Laguiole, en Occitanie.","robots":{"index":"index","follow":"follow","max-snippet":"max-snippet:-1","max-image-preview":"max-image-preview:large","max-video-preview":"max-video-preview:-1"},"canonical":"https:\/\/whiskytwelve.fr\/en\/","og_locale":"en_US","og_type":"article","og_title":"Twelve Whisky : top-of-the-range French whisky","og_description":"Nous produisons un whisky d'exception en \u00e9dition limit\u00e9e dans notre distillerie au Presbyt\u00e8re des Anges \u00e0 Laguiole, en Occitanie.","og_url":"https:\/\/whiskytwelve.fr\/en\/","og_site_name":"WHISKY TWELVE","article_modified_time":"2026-03-10T09:08:12+00:00","og_image":[{"width":1200,"height":1600,"url":"https:\/\/whiskytwelve.fr\/wp-content\/uploads\/2023\/10\/330769468_1400355977374497_676451928304871742_n.jpeg","type":"image\/jpeg"}],"twitter_card":"summary_large_image","twitter_misc":{"Est. reading time":"1 minute"},"schema":{"@context":"https:\/\/schema.org","@graph":[{"@type":"WebPage","@id":"https:\/\/whiskytwelve.fr\/en\/","url":"https:\/\/whiskytwelve.fr\/en\/","name":"Twelve Whisky : top-of-the-range French whisky","isPartOf":{"@id":"https:\/\/whiskytwelve.fr\/en\/#website"},"primaryImageOfPage":{"@id":"https:\/\/whiskytwelve.fr\/en\/#primaryimage"},"image":{"@id":"https:\/\/whiskytwelve.fr\/en\/#primaryimage"},"thumbnailUrl":"https:\/\/whiskytwelve.fr\/wp-content\/uploads\/2023\/10\/330769468_1400355977374497_676451928304871742_n.jpeg","datePublished":"2017-02-16T08:13:19+00:00","dateModified":"2026-03-10T09:08:12+00:00","description":"Nous produisons un whisky d'exception en \u00e9dition limit\u00e9e dans notre distillerie au Presbyt\u00e8re des Anges \u00e0 Laguiole, en Occitanie.","breadcrumb":{"@id":"https:\/\/whiskytwelve.fr\/en\/#breadcrumb"},"inLanguage":"en-US","potentialAction":[{"@type":"ReadAction","target":[["https:\/\/whiskytwelve.fr\/en\/"]]}]},{"@type":"ImageObject","inLanguage":"en-US","@id":"https:\/\/whiskytwelve.fr\/en\/#primaryimage","url":"https:\/\/whiskytwelve.fr\/wp-content\/uploads\/2023\/10\/330769468_1400355977374497_676451928304871742_n.jpeg","contentUrl":"https:\/\/whiskytwelve.fr\/wp-content\/uploads\/2023\/10\/330769468_1400355977374497_676451928304871742_n.jpeg","width":1200,"height":1600,"caption":"Twelve whisky fran\u00e7ais"},{"@type":"BreadcrumbList","@id":"https:\/\/whiskytwelve.fr\/en\/#breadcrumb","itemListElement":[{"@type":"ListItem","position":1,"name":"Accueil","item":"https:\/\/whiskytwelve.fr\/en\/"},{"@type":"ListItem","position":2,"name":"Home"}]},{"@type":"WebSite","@id":"https:\/\/whiskytwelve.fr\/en\/#website","url":"https:\/\/whiskytwelve.fr\/en\/","name":"WHISKY TWELVE","description":"Whisky d&#039;Aubrac","potentialAction":[{"@type":"SearchAction","target":{"@type":"EntryPoint","urlTemplate":"https:\/\/whiskytwelve.fr\/en\/?s={search_term_string}"},"query-input":{"@type":"PropertyValueSpecification","valueRequired":true,"valueName":"search_term_string"}}],"inLanguage":"en-US"}]}},"_links":{"self":[{"href":"https:\/\/whiskytwelve.fr\/en\/wp-json\/wp\/v2\/pages\/36","targetHints":{"allow":["GET"]}}],"collection":[{"href":"https:\/\/whiskytwelve.fr\/en\/wp-json\/wp\/v2\/pages"}],"about":[{"href":"https:\/\/whiskytwelve.fr\/en\/wp-json\/wp\/v2\/types\/page"}],"author":[{"embeddable":true,"href":"https:\/\/whiskytwelve.fr\/en\/wp-json\/wp\/v2\/users\/1"}],"replies":[{"embeddable":true,"href":"https:\/\/whiskytwelve.fr\/en\/wp-json\/wp\/v2\/comments?post=36"}],"version-history":[{"count":67,"href":"https:\/\/whiskytwelve.fr\/en\/wp-json\/wp\/v2\/pages\/36\/revisions"}],"predecessor-version":[{"id":35755,"href":"https:\/\/whiskytwelve.fr\/en\/wp-json\/wp\/v2\/pages\/36\/revisions\/35755"}],"wp:featuredmedia":[{"embeddable":true,"href":"https:\/\/whiskytwelve.fr\/en\/wp-json\/wp\/v2\/media\/34232"}],"wp:attachment":[{"href":"https:\/\/whiskytwelve.fr\/en\/wp-json\/wp\/v2\/media?parent=36"}],"curies":[{"name":"wp","href":"https:\/\/api.w.org\/{rel}","templated":true}]}}