{"id":35679,"date":"2026-01-19T14:26:03","date_gmt":"2026-01-19T13:26:03","guid":{"rendered":"https:\/\/whiskytwelve.fr\/?page_id=35679"},"modified":"2026-02-12T14:21:51","modified_gmt":"2026-02-12T13:21:51","slug":"boutique-twelve-cuvee-speciale","status":"publish","type":"page","link":"https:\/\/whiskytwelve.fr\/en\/boutique-twelve-cuvee-speciale\/","title":{"rendered":"Boutique Twelve Cuv\u00e9e sp\u00e9ciale"},"content":{"rendered":"<p class=\"qtranxs-available-languages-message qtranxs-available-languages-message-en\">Sorry, this entry is only available in <a href=\"https:\/\/whiskytwelve.fr\/fr\/wp-json\/wp\/v2\/pages\/35679\" class=\"qtranxs-available-language-link qtranxs-available-language-link-fr\" title=\"FR\">FR<\/a>.<\/p>","protected":false},"excerpt":{"rendered":"<p>Sorry, this entry is only available in FR.<\/p>\n","protected":false},"author":1,"featured_media":29477,"parent":0,"menu_order":6,"comment_status":"closed","ping_status":"closed","template":"template\/eshop.php","meta":{"_acf_changed":false,"footnotes":""},"class_list":["post-35679","page","type-page","status-publish","has-post-thumbnail","hentry"],"acf":[],"yoast_head":"<!-- This site is optimized with the Yoast SEO plugin v27.4 - https:\/\/yoast.com\/product\/yoast-seo-wordpress\/ -->\n<title>Buy Twelve Exceptional Cask-Aged Whisky made in France<\/title>\n<meta name=\"description\" content=\"Commandez nos bouteilles de whisky fran\u00e7ais haut de gamme Twelve partout en France : non filtr\u00e9s, sans intrants ajout\u00e9s et vieillis en f\u00fbt au Presbyt\u00e8re des Anges de Laguiole.\" \/>\n<meta name=\"robots\" content=\"index, follow, max-snippet:-1, max-image-preview:large, max-video-preview:-1\" \/>\n<link rel=\"canonical\" href=\"https:\/\/whiskytwelve.fr\/en\/boutique-twelve-cuvee-speciale\/\" \/>\n<meta property=\"og:locale\" content=\"en_US\" \/>\n<meta property=\"og:type\" content=\"article\" \/>\n<meta property=\"og:title\" content=\"Buy Twelve Exceptional Cask-Aged Whisky made in France\" \/>\n<meta property=\"og:description\" content=\"Commandez nos bouteilles de whisky fran\u00e7ais haut de gamme Twelve partout en France : non filtr\u00e9s, sans intrants ajout\u00e9s et vieillis en f\u00fbt au Presbyt\u00e8re des Anges de Laguiole.\" \/>\n<meta property=\"og:url\" content=\"https:\/\/whiskytwelve.fr\/en\/boutique-twelve-cuvee-speciale\/\" \/>\n<meta property=\"og:site_name\" content=\"WHISKY TWELVE\" \/>\n<meta property=\"article:modified_time\" content=\"2026-02-12T13:21:51+00:00\" \/>\n<meta property=\"og:image\" content=\"https:\/\/whiskytwelve.fr\/wp-content\/uploads\/2020\/12\/BASALTE-Boite.jpg\" \/>\n\t<meta property=\"og:image:width\" content=\"1200\" \/>\n\t<meta property=\"og:image:height\" content=\"1280\" \/>\n\t<meta property=\"og:image:type\" content=\"image\/jpeg\" \/>\n<meta name=\"twitter:card\" content=\"summary_large_image\" \/>\n<meta name=\"twitter:label1\" content=\"Est. reading time\" \/>\n\t<meta name=\"twitter:data1\" content=\"1 minute\" \/>\n<!-- \/ Yoast SEO plugin. -->","yoast_head_json":{"title":"Buy Twelve Exceptional Cask-Aged Whisky made in France","description":"Commandez nos bouteilles de whisky fran\u00e7ais haut de gamme Twelve partout en France : non filtr\u00e9s, sans intrants ajout\u00e9s et vieillis en f\u00fbt au Presbyt\u00e8re des Anges de Laguiole.","robots":{"index":"index","follow":"follow","max-snippet":"max-snippet:-1","max-image-preview":"max-image-preview:large","max-video-preview":"max-video-preview:-1"},"canonical":"https:\/\/whiskytwelve.fr\/en\/boutique-twelve-cuvee-speciale\/","og_locale":"en_US","og_type":"article","og_title":"Buy Twelve Exceptional Cask-Aged Whisky made in France","og_description":"Commandez nos bouteilles de whisky fran\u00e7ais haut de gamme Twelve partout en France : non filtr\u00e9s, sans intrants ajout\u00e9s et vieillis en f\u00fbt au Presbyt\u00e8re des Anges de Laguiole.","og_url":"https:\/\/whiskytwelve.fr\/en\/boutique-twelve-cuvee-speciale\/","og_site_name":"WHISKY TWELVE","article_modified_time":"2026-02-12T13:21:51+00:00","og_image":[{"width":1200,"height":1280,"url":"https:\/\/whiskytwelve.fr\/wp-content\/uploads\/2020\/12\/BASALTE-Boite.jpg","type":"image\/jpeg"}],"twitter_card":"summary_large_image","twitter_misc":{"Est. reading time":"1 minute"},"schema":{"@context":"https:\/\/schema.org","@graph":[{"@type":"WebPage","@id":"https:\/\/whiskytwelve.fr\/en\/boutique-twelve-cuvee-speciale\/","url":"https:\/\/whiskytwelve.fr\/en\/boutique-twelve-cuvee-speciale\/","name":"Buy Twelve Exceptional Cask-Aged Whisky made in France","isPartOf":{"@id":"https:\/\/whiskytwelve.fr\/en\/#website"},"primaryImageOfPage":{"@id":"https:\/\/whiskytwelve.fr\/en\/boutique-twelve-cuvee-speciale\/#primaryimage"},"image":{"@id":"https:\/\/whiskytwelve.fr\/en\/boutique-twelve-cuvee-speciale\/#primaryimage"},"thumbnailUrl":"https:\/\/whiskytwelve.fr\/wp-content\/uploads\/2020\/12\/BASALTE-Boite.jpg","datePublished":"2026-01-19T13:26:03+00:00","dateModified":"2026-02-12T13:21:51+00:00","description":"Commandez nos bouteilles de whisky fran\u00e7ais haut de gamme Twelve partout en France : non filtr\u00e9s, sans intrants ajout\u00e9s et vieillis en f\u00fbt au Presbyt\u00e8re des Anges de Laguiole.","breadcrumb":{"@id":"https:\/\/whiskytwelve.fr\/en\/boutique-twelve-cuvee-speciale\/#breadcrumb"},"inLanguage":"en-US","potentialAction":[{"@type":"ReadAction","target":[["https:\/\/whiskytwelve.fr\/en\/boutique-twelve-cuvee-speciale\/"]]}]},{"@type":"ImageObject","inLanguage":"en-US","@id":"https:\/\/whiskytwelve.fr\/en\/boutique-twelve-cuvee-speciale\/#primaryimage","url":"https:\/\/whiskytwelve.fr\/wp-content\/uploads\/2020\/12\/BASALTE-Boite.jpg","contentUrl":"https:\/\/whiskytwelve.fr\/wp-content\/uploads\/2020\/12\/BASALTE-Boite.jpg","width":1200,"height":1280,"caption":"Whisky Twelve fran\u00e7ais boutique en ligne"},{"@type":"BreadcrumbList","@id":"https:\/\/whiskytwelve.fr\/en\/boutique-twelve-cuvee-speciale\/#breadcrumb","itemListElement":[{"@type":"ListItem","position":1,"name":"Accueil","item":"https:\/\/whiskytwelve.fr\/en\/"},{"@type":"ListItem","position":2,"name":"Boutique Twelve Cuv\u00e9e sp\u00e9ciale"}]},{"@type":"WebSite","@id":"https:\/\/whiskytwelve.fr\/en\/#website","url":"https:\/\/whiskytwelve.fr\/en\/","name":"WHISKY TWELVE","description":"Whisky d&#039;Aubrac","potentialAction":[{"@type":"SearchAction","target":{"@type":"EntryPoint","urlTemplate":"https:\/\/whiskytwelve.fr\/en\/?s={search_term_string}"},"query-input":{"@type":"PropertyValueSpecification","valueRequired":true,"valueName":"search_term_string"}}],"inLanguage":"en-US"}]}},"_links":{"self":[{"href":"https:\/\/whiskytwelve.fr\/en\/wp-json\/wp\/v2\/pages\/35679","targetHints":{"allow":["GET"]}}],"collection":[{"href":"https:\/\/whiskytwelve.fr\/en\/wp-json\/wp\/v2\/pages"}],"about":[{"href":"https:\/\/whiskytwelve.fr\/en\/wp-json\/wp\/v2\/types\/page"}],"author":[{"embeddable":true,"href":"https:\/\/whiskytwelve.fr\/en\/wp-json\/wp\/v2\/users\/1"}],"replies":[{"embeddable":true,"href":"https:\/\/whiskytwelve.fr\/en\/wp-json\/wp\/v2\/comments?post=35679"}],"version-history":[{"count":1,"href":"https:\/\/whiskytwelve.fr\/en\/wp-json\/wp\/v2\/pages\/35679\/revisions"}],"predecessor-version":[{"id":35680,"href":"https:\/\/whiskytwelve.fr\/en\/wp-json\/wp\/v2\/pages\/35679\/revisions\/35680"}],"wp:featuredmedia":[{"embeddable":true,"href":"https:\/\/whiskytwelve.fr\/en\/wp-json\/wp\/v2\/media\/29477"}],"wp:attachment":[{"href":"https:\/\/whiskytwelve.fr\/en\/wp-json\/wp\/v2\/media?parent=35679"}],"curies":[{"name":"wp","href":"https:\/\/api.w.org\/{rel}","templated":true}]}}