{"id":34254,"date":"2023-10-03T16:31:41","date_gmt":"2023-10-03T14:31:41","guid":{"rendered":"https:\/\/whiskytwelve.fr\/?page_id=34254"},"modified":"2023-11-15T09:36:26","modified_gmt":"2023-11-15T08:36:26","slug":"boutique","status":"publish","type":"page","link":"https:\/\/whiskytwelve.fr\/en\/boutique\/","title":{"rendered":"Whiskies et rhums rares Twelve"},"content":{"rendered":"","protected":false},"excerpt":{"rendered":"","protected":false},"author":1,"featured_media":29477,"parent":0,"menu_order":11,"comment_status":"closed","ping_status":"closed","template":"template\/eshop.php","meta":{"_acf_changed":false,"footnotes":""},"class_list":["post-34254","page","type-page","status-publish","has-post-thumbnail","hentry"],"acf":[],"yoast_head":"<!-- This site is optimized with the Yoast SEO plugin v27.3 - https:\/\/yoast.com\/product\/yoast-seo-wordpress\/ -->\n<title>Twelve shop of rare French whiskies and rums<\/title>\n<meta name=\"description\" content=\"Achetez nos whiskies et rhums rares Twelve fran\u00e7ais haut de gamme en ligne. Qualit\u00e9 et savoir-faire livr\u00e9s \u00e0 domicile.\" \/>\n<meta name=\"robots\" content=\"index, follow, max-snippet:-1, max-image-preview:large, max-video-preview:-1\" \/>\n<link rel=\"canonical\" href=\"https:\/\/whiskytwelve.fr\/en\/boutique\/\" \/>\n<meta property=\"og:locale\" content=\"en_US\" \/>\n<meta property=\"og:type\" content=\"article\" \/>\n<meta property=\"og:title\" content=\"Twelve shop of rare French whiskies and rums\" \/>\n<meta property=\"og:description\" content=\"Achetez nos whiskies et rhums rares Twelve fran\u00e7ais haut de gamme en ligne. Qualit\u00e9 et savoir-faire livr\u00e9s \u00e0 domicile.\" \/>\n<meta property=\"og:url\" content=\"https:\/\/whiskytwelve.fr\/en\/boutique\/\" \/>\n<meta property=\"og:site_name\" content=\"WHISKY TWELVE\" \/>\n<meta property=\"article:modified_time\" content=\"2023-11-15T08:36:26+00:00\" \/>\n<meta property=\"og:image\" content=\"https:\/\/whiskytwelve.fr\/wp-content\/uploads\/2020\/12\/BASALTE-Boite.jpg\" \/>\n\t<meta property=\"og:image:width\" content=\"1200\" \/>\n\t<meta property=\"og:image:height\" content=\"1280\" \/>\n\t<meta property=\"og:image:type\" content=\"image\/jpeg\" \/>\n<meta name=\"twitter:card\" content=\"summary_large_image\" \/>\n<!-- \/ Yoast SEO plugin. -->","yoast_head_json":{"title":"Twelve shop of rare French whiskies and rums","description":"Achetez nos whiskies et rhums rares Twelve fran\u00e7ais haut de gamme en ligne. Qualit\u00e9 et savoir-faire livr\u00e9s \u00e0 domicile.","robots":{"index":"index","follow":"follow","max-snippet":"max-snippet:-1","max-image-preview":"max-image-preview:large","max-video-preview":"max-video-preview:-1"},"canonical":"https:\/\/whiskytwelve.fr\/en\/boutique\/","og_locale":"en_US","og_type":"article","og_title":"Twelve shop of rare French whiskies and rums","og_description":"Achetez nos whiskies et rhums rares Twelve fran\u00e7ais haut de gamme en ligne. Qualit\u00e9 et savoir-faire livr\u00e9s \u00e0 domicile.","og_url":"https:\/\/whiskytwelve.fr\/en\/boutique\/","og_site_name":"WHISKY TWELVE","article_modified_time":"2023-11-15T08:36:26+00:00","og_image":[{"width":1200,"height":1280,"url":"https:\/\/whiskytwelve.fr\/wp-content\/uploads\/2020\/12\/BASALTE-Boite.jpg","type":"image\/jpeg"}],"twitter_card":"summary_large_image","schema":{"@context":"https:\/\/schema.org","@graph":[{"@type":"WebPage","@id":"https:\/\/whiskytwelve.fr\/en\/boutique\/","url":"https:\/\/whiskytwelve.fr\/en\/boutique\/","name":"Twelve shop of rare French whiskies and rums","isPartOf":{"@id":"https:\/\/whiskytwelve.fr\/en\/#website"},"primaryImageOfPage":{"@id":"https:\/\/whiskytwelve.fr\/en\/boutique\/#primaryimage"},"image":{"@id":"https:\/\/whiskytwelve.fr\/en\/boutique\/#primaryimage"},"thumbnailUrl":"https:\/\/whiskytwelve.fr\/wp-content\/uploads\/2020\/12\/BASALTE-Boite.jpg","datePublished":"2023-10-03T14:31:41+00:00","dateModified":"2023-11-15T08:36:26+00:00","description":"Achetez nos whiskies et rhums rares Twelve fran\u00e7ais haut de gamme en ligne. Qualit\u00e9 et savoir-faire livr\u00e9s \u00e0 domicile.","breadcrumb":{"@id":"https:\/\/whiskytwelve.fr\/en\/boutique\/#breadcrumb"},"inLanguage":"en-US","potentialAction":[{"@type":"ReadAction","target":[["https:\/\/whiskytwelve.fr\/en\/boutique\/"]]}]},{"@type":"ImageObject","inLanguage":"en-US","@id":"https:\/\/whiskytwelve.fr\/en\/boutique\/#primaryimage","url":"https:\/\/whiskytwelve.fr\/wp-content\/uploads\/2020\/12\/BASALTE-Boite.jpg","contentUrl":"https:\/\/whiskytwelve.fr\/wp-content\/uploads\/2020\/12\/BASALTE-Boite.jpg","width":1200,"height":1280,"caption":"Whisky Twelve fran\u00e7ais boutique en ligne"},{"@type":"BreadcrumbList","@id":"https:\/\/whiskytwelve.fr\/en\/boutique\/#breadcrumb","itemListElement":[{"@type":"ListItem","position":1,"name":"Accueil","item":"https:\/\/whiskytwelve.fr\/en\/"},{"@type":"ListItem","position":2,"name":"Whiskies et rhums rares Twelve"}]},{"@type":"WebSite","@id":"https:\/\/whiskytwelve.fr\/en\/#website","url":"https:\/\/whiskytwelve.fr\/en\/","name":"WHISKY TWELVE","description":"Whisky d&#039;Aubrac","potentialAction":[{"@type":"SearchAction","target":{"@type":"EntryPoint","urlTemplate":"https:\/\/whiskytwelve.fr\/en\/?s={search_term_string}"},"query-input":{"@type":"PropertyValueSpecification","valueRequired":true,"valueName":"search_term_string"}}],"inLanguage":"en-US"}]}},"_links":{"self":[{"href":"https:\/\/whiskytwelve.fr\/en\/wp-json\/wp\/v2\/pages\/34254","targetHints":{"allow":["GET"]}}],"collection":[{"href":"https:\/\/whiskytwelve.fr\/en\/wp-json\/wp\/v2\/pages"}],"about":[{"href":"https:\/\/whiskytwelve.fr\/en\/wp-json\/wp\/v2\/types\/page"}],"author":[{"embeddable":true,"href":"https:\/\/whiskytwelve.fr\/en\/wp-json\/wp\/v2\/users\/1"}],"replies":[{"embeddable":true,"href":"https:\/\/whiskytwelve.fr\/en\/wp-json\/wp\/v2\/comments?post=34254"}],"version-history":[{"count":13,"href":"https:\/\/whiskytwelve.fr\/en\/wp-json\/wp\/v2\/pages\/34254\/revisions"}],"predecessor-version":[{"id":34493,"href":"https:\/\/whiskytwelve.fr\/en\/wp-json\/wp\/v2\/pages\/34254\/revisions\/34493"}],"wp:featuredmedia":[{"embeddable":true,"href":"https:\/\/whiskytwelve.fr\/en\/wp-json\/wp\/v2\/media\/29477"}],"wp:attachment":[{"href":"https:\/\/whiskytwelve.fr\/en\/wp-json\/wp\/v2\/media?parent=34254"}],"curies":[{"name":"wp","href":"https:\/\/api.w.org\/{rel}","templated":true}]}}