{"id":30370,"date":"2022-07-14T09:21:40","date_gmt":"2022-07-14T07:21:40","guid":{"rendered":"https:\/\/whiskytwelve.fr?page_id=30370"},"modified":"2023-10-26T13:53:37","modified_gmt":"2023-10-26T11:53:37","slug":"on-parle-de-nous","status":"publish","type":"page","link":"https:\/\/whiskytwelve.fr\/en\/on-parle-de-nous\/","title":{"rendered":"ON PARLE DE NOUS"},"content":{"rendered":"<p><\/p>\n<h1>What people are saying about us<\/h1>\n<p><\/p>","protected":false},"excerpt":{"rendered":"<p>What people are saying about us<\/p>\n","protected":false},"author":1,"featured_media":28874,"parent":0,"menu_order":28,"comment_status":"closed","ping_status":"closed","template":"template\/presse.php","meta":{"_acf_changed":false,"footnotes":""},"class_list":["post-30370","page","type-page","status-publish","has-post-thumbnail","hentry"],"acf":[],"yoast_head":"<!-- This site is optimized with the Yoast SEO plugin v27.4 - https:\/\/yoast.com\/product\/yoast-seo-wordpress\/ -->\n<title>We&#039;re talking about Twelve Whisky French whisky<\/title>\n<meta name=\"description\" content=\"Nous partageons avec vous les articles de la presse sp\u00e9cialis\u00e9e ou grand public qui parlent de notre whisky haut de gamme, de sa fabrication, de son histoire, ses cr\u00e9ateurs et son succ\u00e8s.\" \/>\n<meta name=\"robots\" content=\"index, follow, max-snippet:-1, max-image-preview:large, max-video-preview:-1\" \/>\n<link rel=\"canonical\" href=\"https:\/\/whiskytwelve.fr\/en\/on-parle-de-nous\/\" \/>\n<meta property=\"og:locale\" content=\"en_US\" \/>\n<meta property=\"og:type\" content=\"article\" \/>\n<meta property=\"og:title\" content=\"We&#039;re talking about Twelve Whisky French whisky\" \/>\n<meta property=\"og:description\" content=\"Nous partageons avec vous les articles de la presse sp\u00e9cialis\u00e9e ou grand public qui parlent de notre whisky haut de gamme, de sa fabrication, de son histoire, ses cr\u00e9ateurs et son succ\u00e8s.\" \/>\n<meta property=\"og:url\" content=\"https:\/\/whiskytwelve.fr\/en\/on-parle-de-nous\/\" \/>\n<meta property=\"og:site_name\" content=\"WHISKY TWELVE\" \/>\n<meta property=\"article:modified_time\" content=\"2023-10-26T11:53:37+00:00\" \/>\n<meta property=\"og:image\" content=\"https:\/\/whiskytwelve.fr\/wp-content\/uploads\/2020\/09\/twelve-rendu-02.jpg\" \/>\n\t<meta property=\"og:image:width\" content=\"2560\" \/>\n\t<meta property=\"og:image:height\" content=\"1436\" \/>\n\t<meta property=\"og:image:type\" content=\"image\/jpeg\" \/>\n<meta name=\"twitter:card\" content=\"summary_large_image\" \/>\n<!-- \/ Yoast SEO plugin. -->","yoast_head_json":{"title":"We're talking about Twelve Whisky French whisky","description":"Nous partageons avec vous les articles de la presse sp\u00e9cialis\u00e9e ou grand public qui parlent de notre whisky haut de gamme, de sa fabrication, de son histoire, ses cr\u00e9ateurs et son succ\u00e8s.","robots":{"index":"index","follow":"follow","max-snippet":"max-snippet:-1","max-image-preview":"max-image-preview:large","max-video-preview":"max-video-preview:-1"},"canonical":"https:\/\/whiskytwelve.fr\/en\/on-parle-de-nous\/","og_locale":"en_US","og_type":"article","og_title":"We're talking about Twelve Whisky French whisky","og_description":"Nous partageons avec vous les articles de la presse sp\u00e9cialis\u00e9e ou grand public qui parlent de notre whisky haut de gamme, de sa fabrication, de son histoire, ses cr\u00e9ateurs et son succ\u00e8s.","og_url":"https:\/\/whiskytwelve.fr\/en\/on-parle-de-nous\/","og_site_name":"WHISKY TWELVE","article_modified_time":"2023-10-26T11:53:37+00:00","og_image":[{"width":2560,"height":1436,"url":"https:\/\/whiskytwelve.fr\/wp-content\/uploads\/2020\/09\/twelve-rendu-02.jpg","type":"image\/jpeg"}],"twitter_card":"summary_large_image","schema":{"@context":"https:\/\/schema.org","@graph":[{"@type":"WebPage","@id":"https:\/\/whiskytwelve.fr\/en\/on-parle-de-nous\/","url":"https:\/\/whiskytwelve.fr\/en\/on-parle-de-nous\/","name":"We're talking about Twelve Whisky French whisky","isPartOf":{"@id":"https:\/\/whiskytwelve.fr\/en\/#website"},"primaryImageOfPage":{"@id":"https:\/\/whiskytwelve.fr\/en\/on-parle-de-nous\/#primaryimage"},"image":{"@id":"https:\/\/whiskytwelve.fr\/en\/on-parle-de-nous\/#primaryimage"},"thumbnailUrl":"https:\/\/whiskytwelve.fr\/wp-content\/uploads\/2020\/09\/twelve-rendu-02.jpg","datePublished":"2022-07-14T07:21:40+00:00","dateModified":"2023-10-26T11:53:37+00:00","description":"Nous partageons avec vous les articles de la presse sp\u00e9cialis\u00e9e ou grand public qui parlent de notre whisky haut de gamme, de sa fabrication, de son histoire, ses cr\u00e9ateurs et son succ\u00e8s.","breadcrumb":{"@id":"https:\/\/whiskytwelve.fr\/en\/on-parle-de-nous\/#breadcrumb"},"inLanguage":"en-US","potentialAction":[{"@type":"ReadAction","target":[["https:\/\/whiskytwelve.fr\/en\/on-parle-de-nous\/"]]}]},{"@type":"ImageObject","inLanguage":"en-US","@id":"https:\/\/whiskytwelve.fr\/en\/on-parle-de-nous\/#primaryimage","url":"https:\/\/whiskytwelve.fr\/wp-content\/uploads\/2020\/09\/twelve-rendu-02.jpg","contentUrl":"https:\/\/whiskytwelve.fr\/wp-content\/uploads\/2020\/09\/twelve-rendu-02.jpg","width":2560,"height":1436,"caption":"Distillerie fran\u00e7aise whisky Twelve Aubrac"},{"@type":"BreadcrumbList","@id":"https:\/\/whiskytwelve.fr\/en\/on-parle-de-nous\/#breadcrumb","itemListElement":[{"@type":"ListItem","position":1,"name":"Accueil","item":"https:\/\/whiskytwelve.fr\/en\/"},{"@type":"ListItem","position":2,"name":"ON PARLE DE NOUS"}]},{"@type":"WebSite","@id":"https:\/\/whiskytwelve.fr\/en\/#website","url":"https:\/\/whiskytwelve.fr\/en\/","name":"WHISKY TWELVE","description":"Whisky d&#039;Aubrac","potentialAction":[{"@type":"SearchAction","target":{"@type":"EntryPoint","urlTemplate":"https:\/\/whiskytwelve.fr\/en\/?s={search_term_string}"},"query-input":{"@type":"PropertyValueSpecification","valueRequired":true,"valueName":"search_term_string"}}],"inLanguage":"en-US"}]}},"_links":{"self":[{"href":"https:\/\/whiskytwelve.fr\/en\/wp-json\/wp\/v2\/pages\/30370","targetHints":{"allow":["GET"]}}],"collection":[{"href":"https:\/\/whiskytwelve.fr\/en\/wp-json\/wp\/v2\/pages"}],"about":[{"href":"https:\/\/whiskytwelve.fr\/en\/wp-json\/wp\/v2\/types\/page"}],"author":[{"embeddable":true,"href":"https:\/\/whiskytwelve.fr\/en\/wp-json\/wp\/v2\/users\/1"}],"replies":[{"embeddable":true,"href":"https:\/\/whiskytwelve.fr\/en\/wp-json\/wp\/v2\/comments?post=30370"}],"version-history":[{"count":1,"href":"https:\/\/whiskytwelve.fr\/en\/wp-json\/wp\/v2\/pages\/30370\/revisions"}],"predecessor-version":[{"id":34373,"href":"https:\/\/whiskytwelve.fr\/en\/wp-json\/wp\/v2\/pages\/30370\/revisions\/34373"}],"wp:featuredmedia":[{"embeddable":true,"href":"https:\/\/whiskytwelve.fr\/en\/wp-json\/wp\/v2\/media\/28874"}],"wp:attachment":[{"href":"https:\/\/whiskytwelve.fr\/en\/wp-json\/wp\/v2\/media?parent=30370"}],"curies":[{"name":"wp","href":"https:\/\/api.w.org\/{rel}","templated":true}]}}