{"id":29369,"date":"2020-12-09T10:10:06","date_gmt":"2020-12-09T09:10:06","guid":{"rendered":"http:\/\/whiskytwelve.fr\/?page_id=29369"},"modified":"2023-11-21T12:24:15","modified_gmt":"2023-11-21T11:24:15","slug":"whisky","status":"publish","type":"page","link":"https:\/\/whiskytwelve.fr\/en\/whisky\/","title":{"rendered":"Whisky Twelve"},"content":{"rendered":"<p><\/p>\n<h2>OUR WHISKIES<\/h2>\n<p>All our whiskies are brewed, distilled, aged and bottled in the \u00ab Presbytery of Angels \u00bb in Laguiole. To ensure the purity of our whiskies, we do not filter them or use additives. Their natural color comes exclusively from being aged in barrels.<\/p>","protected":false},"excerpt":{"rendered":"<p>OUR WHISKIES All our whiskies are brewed, distilled, aged and bottled in the \u00ab Presbytery of Angels \u00bb in Laguiole.\u2026<\/p>\n","protected":false},"author":1,"featured_media":28919,"parent":0,"menu_order":29,"comment_status":"closed","ping_status":"closed","template":"template\/whisky.php","meta":{"_acf_changed":false,"footnotes":""},"class_list":["post-29369","page","type-page","status-publish","has-post-thumbnail","hentry"],"acf":[],"yoast_head":"<!-- This site is optimized with the Yoast SEO plugin v27.4 - https:\/\/yoast.com\/product\/yoast-seo-wordpress\/ -->\n<title>Discover French whiskies Twelve Whisky from Laguiole<\/title>\n<meta name=\"description\" content=\"Twelve Whisky produit des whiskies fran\u00e7ais d&#039;exception au Presbyt\u00e8re des Anges, \u00e0 Laguiole en Occitanie. D\u00e9couvrez notre savoir-faire et nos whiskies en \u00e9dition limit\u00e9.\" \/>\n<meta name=\"robots\" content=\"index, follow, max-snippet:-1, max-image-preview:large, max-video-preview:-1\" \/>\n<link rel=\"canonical\" href=\"https:\/\/whiskytwelve.fr\/en\/whisky\/\" \/>\n<meta property=\"og:locale\" content=\"en_US\" \/>\n<meta property=\"og:type\" content=\"article\" \/>\n<meta property=\"og:title\" content=\"Discover French whiskies Twelve Whisky from Laguiole\" \/>\n<meta property=\"og:description\" content=\"Twelve Whisky produit des whiskies fran\u00e7ais d&#039;exception au Presbyt\u00e8re des Anges, \u00e0 Laguiole en Occitanie. D\u00e9couvrez notre savoir-faire et nos whiskies en \u00e9dition limit\u00e9.\" \/>\n<meta property=\"og:url\" content=\"https:\/\/whiskytwelve.fr\/en\/whisky\/\" \/>\n<meta property=\"og:site_name\" content=\"WHISKY TWELVE\" \/>\n<meta property=\"article:modified_time\" content=\"2023-11-21T11:24:15+00:00\" \/>\n<meta property=\"og:image\" content=\"https:\/\/whiskytwelve.fr\/wp-content\/uploads\/2020\/09\/home1.jpg\" \/>\n\t<meta property=\"og:image:width\" content=\"2560\" \/>\n\t<meta property=\"og:image:height\" content=\"1600\" \/>\n\t<meta property=\"og:image:type\" content=\"image\/jpeg\" \/>\n<meta name=\"twitter:card\" content=\"summary_large_image\" \/>\n<!-- \/ Yoast SEO plugin. -->","yoast_head_json":{"title":"Discover French whiskies Twelve Whisky from Laguiole","description":"Twelve Whisky produit des whiskies fran\u00e7ais d'exception au Presbyt\u00e8re des Anges, \u00e0 Laguiole en Occitanie. D\u00e9couvrez notre savoir-faire et nos whiskies en \u00e9dition limit\u00e9.","robots":{"index":"index","follow":"follow","max-snippet":"max-snippet:-1","max-image-preview":"max-image-preview:large","max-video-preview":"max-video-preview:-1"},"canonical":"https:\/\/whiskytwelve.fr\/en\/whisky\/","og_locale":"en_US","og_type":"article","og_title":"Discover French whiskies Twelve Whisky from Laguiole","og_description":"Twelve Whisky produit des whiskies fran\u00e7ais d'exception au Presbyt\u00e8re des Anges, \u00e0 Laguiole en Occitanie. D\u00e9couvrez notre savoir-faire et nos whiskies en \u00e9dition limit\u00e9.","og_url":"https:\/\/whiskytwelve.fr\/en\/whisky\/","og_site_name":"WHISKY TWELVE","article_modified_time":"2023-11-21T11:24:15+00:00","og_image":[{"width":2560,"height":1600,"url":"https:\/\/whiskytwelve.fr\/wp-content\/uploads\/2020\/09\/home1.jpg","type":"image\/jpeg"}],"twitter_card":"summary_large_image","schema":{"@context":"https:\/\/schema.org","@graph":[{"@type":"WebPage","@id":"https:\/\/whiskytwelve.fr\/en\/whisky\/","url":"https:\/\/whiskytwelve.fr\/en\/whisky\/","name":"Discover French whiskies Twelve Whisky from Laguiole","isPartOf":{"@id":"https:\/\/whiskytwelve.fr\/en\/#website"},"primaryImageOfPage":{"@id":"https:\/\/whiskytwelve.fr\/en\/whisky\/#primaryimage"},"image":{"@id":"https:\/\/whiskytwelve.fr\/en\/whisky\/#primaryimage"},"thumbnailUrl":"https:\/\/whiskytwelve.fr\/wp-content\/uploads\/2020\/09\/home1.jpg","datePublished":"2020-12-09T09:10:06+00:00","dateModified":"2023-11-21T11:24:15+00:00","description":"Twelve Whisky produit des whiskies fran\u00e7ais d'exception au Presbyt\u00e8re des Anges, \u00e0 Laguiole en Occitanie. D\u00e9couvrez notre savoir-faire et nos whiskies en \u00e9dition limit\u00e9.","breadcrumb":{"@id":"https:\/\/whiskytwelve.fr\/en\/whisky\/#breadcrumb"},"inLanguage":"en-US","potentialAction":[{"@type":"ReadAction","target":[["https:\/\/whiskytwelve.fr\/en\/whisky\/"]]}]},{"@type":"ImageObject","inLanguage":"en-US","@id":"https:\/\/whiskytwelve.fr\/en\/whisky\/#primaryimage","url":"https:\/\/whiskytwelve.fr\/wp-content\/uploads\/2020\/09\/home1.jpg","contentUrl":"https:\/\/whiskytwelve.fr\/wp-content\/uploads\/2020\/09\/home1.jpg","width":2560,"height":1600,"caption":"Whisky fran\u00e7ais d'exception Twelve"},{"@type":"BreadcrumbList","@id":"https:\/\/whiskytwelve.fr\/en\/whisky\/#breadcrumb","itemListElement":[{"@type":"ListItem","position":1,"name":"Accueil","item":"https:\/\/whiskytwelve.fr\/en\/"},{"@type":"ListItem","position":2,"name":"Whisky Twelve"}]},{"@type":"WebSite","@id":"https:\/\/whiskytwelve.fr\/en\/#website","url":"https:\/\/whiskytwelve.fr\/en\/","name":"WHISKY TWELVE","description":"Whisky d&#039;Aubrac","potentialAction":[{"@type":"SearchAction","target":{"@type":"EntryPoint","urlTemplate":"https:\/\/whiskytwelve.fr\/en\/?s={search_term_string}"},"query-input":{"@type":"PropertyValueSpecification","valueRequired":true,"valueName":"search_term_string"}}],"inLanguage":"en-US"}]}},"_links":{"self":[{"href":"https:\/\/whiskytwelve.fr\/en\/wp-json\/wp\/v2\/pages\/29369","targetHints":{"allow":["GET"]}}],"collection":[{"href":"https:\/\/whiskytwelve.fr\/en\/wp-json\/wp\/v2\/pages"}],"about":[{"href":"https:\/\/whiskytwelve.fr\/en\/wp-json\/wp\/v2\/types\/page"}],"author":[{"embeddable":true,"href":"https:\/\/whiskytwelve.fr\/en\/wp-json\/wp\/v2\/users\/1"}],"replies":[{"embeddable":true,"href":"https:\/\/whiskytwelve.fr\/en\/wp-json\/wp\/v2\/comments?post=29369"}],"version-history":[{"count":4,"href":"https:\/\/whiskytwelve.fr\/en\/wp-json\/wp\/v2\/pages\/29369\/revisions"}],"predecessor-version":[{"id":34510,"href":"https:\/\/whiskytwelve.fr\/en\/wp-json\/wp\/v2\/pages\/29369\/revisions\/34510"}],"wp:featuredmedia":[{"embeddable":true,"href":"https:\/\/whiskytwelve.fr\/en\/wp-json\/wp\/v2\/media\/28919"}],"wp:attachment":[{"href":"https:\/\/whiskytwelve.fr\/en\/wp-json\/wp\/v2\/media?parent=29369"}],"curies":[{"name":"wp","href":"https:\/\/api.w.org\/{rel}","templated":true}]}}