{"id":29294,"date":"2020-10-23T14:30:32","date_gmt":"2020-10-23T12:30:32","guid":{"rendered":"https:\/\/whisky.scalp.city\/?page_id=29294"},"modified":"2023-11-15T05:20:15","modified_gmt":"2023-11-15T04:20:15","slug":"rhums","status":"publish","type":"page","link":"https:\/\/whiskytwelve.fr\/en\/rhums\/","title":{"rendered":"Rhums rares fran\u00e7ais Twelve"},"content":{"rendered":"<p><\/p>\n<h2>OUR RARE RUMS<\/h2>\n<p>Sold under the label Twelve Spirits, our rare rums are unique blends, created by our Cellar Master.<\/p>","protected":false},"excerpt":{"rendered":"<p>OUR RARE RUMS Sold under the label Twelve Spirits, our rare rums are unique blends, created by our Cellar Master.<\/p>\n","protected":false},"author":1,"featured_media":29168,"parent":0,"menu_order":30,"comment_status":"closed","ping_status":"closed","template":"template\/rhum.php","meta":{"_acf_changed":false,"footnotes":""},"class_list":["post-29294","page","type-page","status-publish","has-post-thumbnail","hentry"],"acf":[],"yoast_head":"<!-- This site is optimized with the Yoast SEO plugin v27.3 - https:\/\/yoast.com\/product\/yoast-seo-wordpress\/ -->\n<title>Twelve rare rums blended in France<\/title>\n<meta name=\"description\" content=\"D\u00e9couvrez les rhums rares Twelve spiritueux : des rhums d&#039;exception s\u00e9lectionn\u00e9s et assembl\u00e9s en France par des passionn\u00e9s.\" \/>\n<meta name=\"robots\" content=\"index, follow, max-snippet:-1, max-image-preview:large, max-video-preview:-1\" \/>\n<link rel=\"canonical\" href=\"https:\/\/whiskytwelve.fr\/en\/rhums\/\" \/>\n<meta property=\"og:locale\" content=\"en_US\" \/>\n<meta property=\"og:type\" content=\"article\" \/>\n<meta property=\"og:title\" content=\"Twelve rare rums blended in France\" \/>\n<meta property=\"og:description\" content=\"D\u00e9couvrez les rhums rares Twelve spiritueux : des rhums d&#039;exception s\u00e9lectionn\u00e9s et assembl\u00e9s en France par des passionn\u00e9s.\" \/>\n<meta property=\"og:url\" content=\"https:\/\/whiskytwelve.fr\/en\/rhums\/\" \/>\n<meta property=\"og:site_name\" content=\"WHISKY TWELVE\" \/>\n<meta property=\"article:modified_time\" content=\"2023-11-15T04:20:15+00:00\" \/>\n<meta property=\"og:image\" content=\"https:\/\/whiskytwelve.fr\/wp-content\/uploads\/2020\/09\/rhums-1024x638.jpg\" \/>\n\t<meta property=\"og:image:width\" content=\"1024\" \/>\n\t<meta property=\"og:image:height\" content=\"638\" \/>\n\t<meta property=\"og:image:type\" content=\"image\/jpeg\" \/>\n<meta name=\"twitter:card\" content=\"summary_large_image\" \/>\n<!-- \/ Yoast SEO plugin. -->","yoast_head_json":{"title":"Twelve rare rums blended in France","description":"D\u00e9couvrez les rhums rares Twelve spiritueux : des rhums d'exception s\u00e9lectionn\u00e9s et assembl\u00e9s en France par des passionn\u00e9s.","robots":{"index":"index","follow":"follow","max-snippet":"max-snippet:-1","max-image-preview":"max-image-preview:large","max-video-preview":"max-video-preview:-1"},"canonical":"https:\/\/whiskytwelve.fr\/en\/rhums\/","og_locale":"en_US","og_type":"article","og_title":"Twelve rare rums blended in France","og_description":"D\u00e9couvrez les rhums rares Twelve spiritueux : des rhums d'exception s\u00e9lectionn\u00e9s et assembl\u00e9s en France par des passionn\u00e9s.","og_url":"https:\/\/whiskytwelve.fr\/en\/rhums\/","og_site_name":"WHISKY TWELVE","article_modified_time":"2023-11-15T04:20:15+00:00","og_image":[{"width":1024,"height":638,"url":"https:\/\/whiskytwelve.fr\/wp-content\/uploads\/2020\/09\/rhums-1024x638.jpg","type":"image\/jpeg"}],"twitter_card":"summary_large_image","schema":{"@context":"https:\/\/schema.org","@graph":[{"@type":"WebPage","@id":"https:\/\/whiskytwelve.fr\/en\/rhums\/","url":"https:\/\/whiskytwelve.fr\/en\/rhums\/","name":"Twelve rare rums blended in France","isPartOf":{"@id":"https:\/\/whiskytwelve.fr\/en\/#website"},"primaryImageOfPage":{"@id":"https:\/\/whiskytwelve.fr\/en\/rhums\/#primaryimage"},"image":{"@id":"https:\/\/whiskytwelve.fr\/en\/rhums\/#primaryimage"},"thumbnailUrl":"https:\/\/whiskytwelve.fr\/wp-content\/uploads\/2020\/09\/rhums.jpg","datePublished":"2020-10-23T12:30:32+00:00","dateModified":"2023-11-15T04:20:15+00:00","description":"D\u00e9couvrez les rhums rares Twelve spiritueux : des rhums d'exception s\u00e9lectionn\u00e9s et assembl\u00e9s en France par des passionn\u00e9s.","breadcrumb":{"@id":"https:\/\/whiskytwelve.fr\/en\/rhums\/#breadcrumb"},"inLanguage":"en-US","potentialAction":[{"@type":"ReadAction","target":[["https:\/\/whiskytwelve.fr\/en\/rhums\/"]]}]},{"@type":"ImageObject","inLanguage":"en-US","@id":"https:\/\/whiskytwelve.fr\/en\/rhums\/#primaryimage","url":"https:\/\/whiskytwelve.fr\/wp-content\/uploads\/2020\/09\/rhums.jpg","contentUrl":"https:\/\/whiskytwelve.fr\/wp-content\/uploads\/2020\/09\/rhums.jpg","width":2560,"height":1594,"caption":"Rhums rares fran\u00e7ais Twelve"},{"@type":"BreadcrumbList","@id":"https:\/\/whiskytwelve.fr\/en\/rhums\/#breadcrumb","itemListElement":[{"@type":"ListItem","position":1,"name":"Accueil","item":"https:\/\/whiskytwelve.fr\/en\/"},{"@type":"ListItem","position":2,"name":"Rhums rares fran\u00e7ais Twelve"}]},{"@type":"WebSite","@id":"https:\/\/whiskytwelve.fr\/en\/#website","url":"https:\/\/whiskytwelve.fr\/en\/","name":"WHISKY TWELVE","description":"Whisky d&#039;Aubrac","potentialAction":[{"@type":"SearchAction","target":{"@type":"EntryPoint","urlTemplate":"https:\/\/whiskytwelve.fr\/en\/?s={search_term_string}"},"query-input":{"@type":"PropertyValueSpecification","valueRequired":true,"valueName":"search_term_string"}}],"inLanguage":"en-US"}]}},"_links":{"self":[{"href":"https:\/\/whiskytwelve.fr\/en\/wp-json\/wp\/v2\/pages\/29294","targetHints":{"allow":["GET"]}}],"collection":[{"href":"https:\/\/whiskytwelve.fr\/en\/wp-json\/wp\/v2\/pages"}],"about":[{"href":"https:\/\/whiskytwelve.fr\/en\/wp-json\/wp\/v2\/types\/page"}],"author":[{"embeddable":true,"href":"https:\/\/whiskytwelve.fr\/en\/wp-json\/wp\/v2\/users\/1"}],"replies":[{"embeddable":true,"href":"https:\/\/whiskytwelve.fr\/en\/wp-json\/wp\/v2\/comments?post=29294"}],"version-history":[{"count":6,"href":"https:\/\/whiskytwelve.fr\/en\/wp-json\/wp\/v2\/pages\/29294\/revisions"}],"predecessor-version":[{"id":34479,"href":"https:\/\/whiskytwelve.fr\/en\/wp-json\/wp\/v2\/pages\/29294\/revisions\/34479"}],"wp:featuredmedia":[{"embeddable":true,"href":"https:\/\/whiskytwelve.fr\/en\/wp-json\/wp\/v2\/media\/29168"}],"wp:attachment":[{"href":"https:\/\/whiskytwelve.fr\/en\/wp-json\/wp\/v2\/media?parent=29294"}],"curies":[{"name":"wp","href":"https:\/\/api.w.org\/{rel}","templated":true}]}}