{"id":29197,"date":"2020-09-14T11:02:22","date_gmt":"2020-09-14T09:02:22","guid":{"rendered":"https:\/\/whisky.scalp.city\/?page_id=29197"},"modified":"2023-10-31T14:01:56","modified_gmt":"2023-10-31T13:01:56","slug":"vie-privee-cookies","status":"publish","type":"page","link":"https:\/\/whiskytwelve.fr\/en\/vie-privee-cookies\/","title":{"rendered":"VIE PRIV\u00c9E &#038; COOKIES"},"content":{"rendered":"<h2>1. Mentions L\u00e9gales<\/h2>\n<p><strong>TWELVE SAS &#8211; RCS RODEZ 803 980 267 <\/strong><br \/>\n<strong>14 Place du COUVENT \u2013 12210 LAGUIOLE<\/strong><\/p>\n<h2>2. Vie Priv\u00e9e et Cookies<\/h2>\n<h3>2.1. Propri\u00e9t\u00e9 Intellectuelle<\/h3>\n<p>La structure g\u00e9n\u00e9rale du site https:\/\/whiskytwelve.fr ainsi que les textes, graphiques, images, sons et vid\u00e9os qui le composent sont la propri\u00e9t\u00e9 de la soci\u00e9t\u00e9 Twelve SAS. Toute repr\u00e9sentation, reproduction et\/ou exploitation partielle ou totale de ce site, par quelque proc\u00e9d\u00e9 que ce soit, sans l\u2019autorisation pr\u00e9alable et par \u00e9crit de la soci\u00e9t\u00e9 Twelve SAS est strictement interdite et serait susceptible de constituer une contrefa\u00e7on au sens des articles L 335-2 et suivants du Code de la propri\u00e9t\u00e9 intellectuelle.<br \/>\nLes marques Twelve, Twelve Whisky d\u2019Aubrac, Whisky Twelve, sont des marques d\u00e9pos\u00e9es par la soci\u00e9t\u00e9 Twelve SAS. Toute repr\u00e9sentation, reproduction et\/ou exploitation partielle ou totale de ces marques, de quelque nature que ce soit, est totalement prohib\u00e9e.<\/p>\n<p>Le site https:\/\/whiskytwelve.fr utilise l\u2019outil statistique Google Analytics. Un cookie Google Analytics est donc utilis\u00e9 dans le site. Ce cookie ne collecte pas d\u2019informations personnelles sur les utilisateurs. Aucune donn\u00e9e de type personnelle ne sera donc enregistr\u00e9e dans le cadre de la politique de donn\u00e9es statistiques.<\/p>\n<h3>2.2. Collecte des Donn\u00e9es Personnelles<\/h3>\n<p>Twelve SAS collecte des informations personnelles lorsque les utilisateurs postent des demandes via le formulaire de contact du site. Ces donn\u00e9es collect\u00e9es servent uniquement au traitement des demandes des utilisateurs et ne sont en aucun cas c\u00e9d\u00e9es ou transmises \u00e0 des tiers. Les donn\u00e9es ne sont stock\u00e9es que durant une p\u00e9riode de 3 ans et sont d\u00e9truites par la suite. Les donn\u00e9es collect\u00e9es sont les informations personnelles fournies par l\u2019utilisateur via le formulaire de contact (nom, pr\u00e9nom, adresse e-mail, corps de la demande) ainsi que des informations collect\u00e9es automatiquement (adresse IP collect\u00e9es \u00e0 l\u2019aide de cookies).<br \/>\nToutes les donn\u00e9es personnelles qui sont recueillies sont trait\u00e9es avec la plus stricte confidentialit\u00e9.<\/p>\n<h3>2.2. Gestion des Donn\u00e9es Personnelles<\/h3>\n<p>En accord avec R\u00e8glement Europ\u00e9en sur la Protection des Donn\u00e9es (RGPD UE 2016\/679) vous b\u00e9n\u00e9ficiez d\u2019un droit d\u2019acc\u00e8s, de modification, de rectification et de suppression des donn\u00e9es qui vous concernent. Ce droit s\u2019exerce, en justifiant de son identit\u00e9 :<br \/>\n\u2022 par voie postale : Twelve SAS &#8211; 14 Place du COUVENT \u2013 12210 LAGUIOLE<br \/>\n\u2022 par courrier \u00e9lectronique : contact@whiskytwelve.fr<\/p>\n<h3>2.3. S\u00e9curit\u00e9 et Stockage des Donn\u00e9es Personnelles<\/h3>\n<p>Les donn\u00e9es collect\u00e9es sont stock\u00e9es dans des bases de donn\u00e9es s\u00e9curis\u00e9es par les derni\u00e8res normes de cryptage. Les donn\u00e9es sont localis\u00e9es en Belgique sur les serveurs SCALP. L\u2019h\u00e9bergeur r\u00e9pond aux exigences de la RGPD (R\u00e8glement G\u00e9n\u00e9ral sur la Protection des Donn\u00e9es).<\/p>\n<h3>2.4. Notification<\/h3>\n<p>Conform\u00e9ment \u00e0 l\u2019Article 33 du r\u00e8glement RGPD, toute violation des donn\u00e9es \u00e0 caract\u00e8re personnel sera notifi\u00e9e \u00e0 la CNIL dans un d\u00e9lai de 72h.<\/p>\n<h3>2.5. Cookies<\/h3>\n<p>Le site utilise \u00e9galement des cookies. Les cookies sont des fichiers de faible taille qui enregistrent des informations relatives \u00e0 la navigation qui pourront \u00eatre lues lors de visites ult\u00e9rieures. Il est possible de naviguer sur le site https:\/\/whiskytwelve.fr sans cookies, il suffit pour cela de d\u00e9sactiver les cookies dans les param\u00e8tres du navigateur.<\/p>\n","protected":false},"excerpt":{"rendered":"<p>1. Mentions L\u00e9gales TWELVE SAS &#8211; RCS RODEZ 803 980 267 14 Place du COUVENT \u2013 12210 LAGUIOLE 2. Vie\u2026<\/p>\n","protected":false},"author":1,"featured_media":0,"parent":0,"menu_order":31,"comment_status":"closed","ping_status":"closed","template":"","meta":{"_acf_changed":false,"footnotes":""},"class_list":["post-29197","page","type-page","status-publish","hentry"],"acf":[],"yoast_head":"<!-- This site is optimized with the Yoast SEO plugin v27.4 - https:\/\/yoast.com\/product\/yoast-seo-wordpress\/ -->\n<title>VIE PRIV\u00c9E &#038; COOKIES - WHISKY TWELVE<\/title>\n<meta name=\"description\" content=\"WHISKY TWELVE - VIE PRIV\u00c9E &#038; COOKIES\" \/>\n<meta name=\"robots\" content=\"noindex, follow\" \/>\n<meta property=\"og:locale\" content=\"en_US\" \/>\n<meta property=\"og:type\" content=\"article\" \/>\n<meta property=\"og:title\" content=\"VIE PRIV\u00c9E &#038; COOKIES - WHISKY TWELVE\" \/>\n<meta property=\"og:description\" content=\"WHISKY TWELVE - VIE PRIV\u00c9E &#038; COOKIES\" \/>\n<meta property=\"og:url\" content=\"https:\/\/whiskytwelve.fr\/en\/vie-privee-cookies\/\" \/>\n<meta property=\"og:site_name\" content=\"WHISKY TWELVE\" \/>\n<meta property=\"article:modified_time\" content=\"2023-10-31T13:01:56+00:00\" \/>\n<meta name=\"twitter:card\" content=\"summary_large_image\" \/>\n<meta name=\"twitter:label1\" content=\"Est. reading time\" \/>\n\t<meta name=\"twitter:data1\" content=\"3 minutes\" \/>\n<!-- \/ Yoast SEO plugin. -->","yoast_head_json":{"title":"VIE PRIV\u00c9E &#038; COOKIES - WHISKY TWELVE","description":"WHISKY TWELVE - VIE PRIV\u00c9E &#038; COOKIES","robots":{"index":"noindex","follow":"follow"},"og_locale":"en_US","og_type":"article","og_title":"VIE PRIV\u00c9E &#038; COOKIES - WHISKY TWELVE","og_description":"WHISKY TWELVE - VIE PRIV\u00c9E &#038; COOKIES","og_url":"https:\/\/whiskytwelve.fr\/en\/vie-privee-cookies\/","og_site_name":"WHISKY TWELVE","article_modified_time":"2023-10-31T13:01:56+00:00","twitter_card":"summary_large_image","twitter_misc":{"Est. reading time":"3 minutes"},"schema":{"@context":"https:\/\/schema.org","@graph":[{"@type":"WebPage","@id":"https:\/\/whiskytwelve.fr\/en\/vie-privee-cookies\/","url":"https:\/\/whiskytwelve.fr\/en\/vie-privee-cookies\/","name":"VIE PRIV\u00c9E &#038; COOKIES - WHISKY TWELVE","isPartOf":{"@id":"https:\/\/whiskytwelve.fr\/en\/#website"},"datePublished":"2020-09-14T09:02:22+00:00","dateModified":"2023-10-31T13:01:56+00:00","description":"WHISKY TWELVE - VIE PRIV\u00c9E &#038; COOKIES","breadcrumb":{"@id":"https:\/\/whiskytwelve.fr\/en\/vie-privee-cookies\/#breadcrumb"},"inLanguage":"en-US","potentialAction":[{"@type":"ReadAction","target":[["https:\/\/whiskytwelve.fr\/en\/vie-privee-cookies\/"]]}]},{"@type":"BreadcrumbList","@id":"https:\/\/whiskytwelve.fr\/en\/vie-privee-cookies\/#breadcrumb","itemListElement":[{"@type":"ListItem","position":1,"name":"Accueil","item":"https:\/\/whiskytwelve.fr\/en\/"},{"@type":"ListItem","position":2,"name":"VIE PRIV\u00c9E &#038; COOKIES"}]},{"@type":"WebSite","@id":"https:\/\/whiskytwelve.fr\/en\/#website","url":"https:\/\/whiskytwelve.fr\/en\/","name":"WHISKY TWELVE","description":"Whisky d&#039;Aubrac","potentialAction":[{"@type":"SearchAction","target":{"@type":"EntryPoint","urlTemplate":"https:\/\/whiskytwelve.fr\/en\/?s={search_term_string}"},"query-input":{"@type":"PropertyValueSpecification","valueRequired":true,"valueName":"search_term_string"}}],"inLanguage":"en-US"}]}},"_links":{"self":[{"href":"https:\/\/whiskytwelve.fr\/en\/wp-json\/wp\/v2\/pages\/29197","targetHints":{"allow":["GET"]}}],"collection":[{"href":"https:\/\/whiskytwelve.fr\/en\/wp-json\/wp\/v2\/pages"}],"about":[{"href":"https:\/\/whiskytwelve.fr\/en\/wp-json\/wp\/v2\/types\/page"}],"author":[{"embeddable":true,"href":"https:\/\/whiskytwelve.fr\/en\/wp-json\/wp\/v2\/users\/1"}],"replies":[{"embeddable":true,"href":"https:\/\/whiskytwelve.fr\/en\/wp-json\/wp\/v2\/comments?post=29197"}],"version-history":[{"count":1,"href":"https:\/\/whiskytwelve.fr\/en\/wp-json\/wp\/v2\/pages\/29197\/revisions"}],"predecessor-version":[{"id":34392,"href":"https:\/\/whiskytwelve.fr\/en\/wp-json\/wp\/v2\/pages\/29197\/revisions\/34392"}],"wp:attachment":[{"href":"https:\/\/whiskytwelve.fr\/en\/wp-json\/wp\/v2\/media?parent=29197"}],"curies":[{"name":"wp","href":"https:\/\/api.w.org\/{rel}","templated":true}]}}