{"id":28912,"date":"2020-09-08T10:58:13","date_gmt":"2020-09-08T08:58:13","guid":{"rendered":"https:\/\/whisky.scalp.city\/?page_id=28912"},"modified":"2023-10-27T17:16:02","modified_gmt":"2023-10-27T15:16:02","slug":"une-histoire-damitie","status":"publish","type":"page","link":"https:\/\/whiskytwelve.fr\/en\/distillerie\/une-histoire-damitie\/","title":{"rendered":"UNE HISTOIRE D\u2019AMITI\u00e9"},"content":{"rendered":"","protected":false},"excerpt":{"rendered":"","protected":false},"author":1,"featured_media":28870,"parent":28907,"menu_order":36,"comment_status":"closed","ping_status":"closed","template":"template\/team.php","meta":{"_acf_changed":false,"footnotes":""},"class_list":["post-28912","page","type-page","status-publish","has-post-thumbnail","hentry"],"acf":[],"yoast_head":"<!-- This site is optimized with the Yoast SEO plugin v27.4 - https:\/\/yoast.com\/product\/yoast-seo-wordpress\/ -->\n<title>Twelve Whisky from France: a story of passion and friendship<\/title>\n<meta name=\"description\" content=\"L&#039;histoire du whisky fran\u00e7ais Twelve est n\u00e9e de l&#039;amiti\u00e9 et de la rencontre de passionn\u00e9s de l&#039;univers du whisky. D\u00e9couvrez comment sont n\u00e9s les wiskies Twelve Whisky.\" \/>\n<meta name=\"robots\" content=\"index, follow, max-snippet:-1, max-image-preview:large, max-video-preview:-1\" \/>\n<link rel=\"canonical\" href=\"https:\/\/whiskytwelve.fr\/en\/distillerie\/une-histoire-damitie\/\" \/>\n<meta property=\"og:locale\" content=\"en_US\" \/>\n<meta property=\"og:type\" content=\"article\" \/>\n<meta property=\"og:title\" content=\"Twelve Whisky from France: a story of passion and friendship\" \/>\n<meta property=\"og:description\" content=\"L&#039;histoire du whisky fran\u00e7ais Twelve est n\u00e9e de l&#039;amiti\u00e9 et de la rencontre de passionn\u00e9s de l&#039;univers du whisky. D\u00e9couvrez comment sont n\u00e9s les wiskies Twelve Whisky.\" \/>\n<meta property=\"og:url\" content=\"https:\/\/whiskytwelve.fr\/en\/distillerie\/une-histoire-damitie\/\" \/>\n<meta property=\"og:site_name\" content=\"WHISKY TWELVE\" \/>\n<meta property=\"article:modified_time\" content=\"2023-10-27T15:16:02+00:00\" \/>\n<meta property=\"og:image\" content=\"https:\/\/whiskytwelve.fr\/wp-content\/uploads\/2020\/09\/dsc_8090jpg_50163140766_o.jpg\" \/>\n\t<meta property=\"og:image:width\" content=\"1000\" \/>\n\t<meta property=\"og:image:height\" content=\"667\" \/>\n\t<meta property=\"og:image:type\" content=\"image\/jpeg\" \/>\n<meta name=\"twitter:card\" content=\"summary_large_image\" \/>\n<!-- \/ Yoast SEO plugin. -->","yoast_head_json":{"title":"Twelve Whisky from France: a story of passion and friendship","description":"L'histoire du whisky fran\u00e7ais Twelve est n\u00e9e de l'amiti\u00e9 et de la rencontre de passionn\u00e9s de l'univers du whisky. D\u00e9couvrez comment sont n\u00e9s les wiskies Twelve Whisky.","robots":{"index":"index","follow":"follow","max-snippet":"max-snippet:-1","max-image-preview":"max-image-preview:large","max-video-preview":"max-video-preview:-1"},"canonical":"https:\/\/whiskytwelve.fr\/en\/distillerie\/une-histoire-damitie\/","og_locale":"en_US","og_type":"article","og_title":"Twelve Whisky from France: a story of passion and friendship","og_description":"L'histoire du whisky fran\u00e7ais Twelve est n\u00e9e de l'amiti\u00e9 et de la rencontre de passionn\u00e9s de l'univers du whisky. D\u00e9couvrez comment sont n\u00e9s les wiskies Twelve Whisky.","og_url":"https:\/\/whiskytwelve.fr\/en\/distillerie\/une-histoire-damitie\/","og_site_name":"WHISKY TWELVE","article_modified_time":"2023-10-27T15:16:02+00:00","og_image":[{"width":1000,"height":667,"url":"https:\/\/whiskytwelve.fr\/wp-content\/uploads\/2020\/09\/dsc_8090jpg_50163140766_o.jpg","type":"image\/jpeg"}],"twitter_card":"summary_large_image","schema":{"@context":"https:\/\/schema.org","@graph":[{"@type":"WebPage","@id":"https:\/\/whiskytwelve.fr\/en\/distillerie\/une-histoire-damitie\/","url":"https:\/\/whiskytwelve.fr\/en\/distillerie\/une-histoire-damitie\/","name":"Twelve Whisky from France: a story of passion and friendship","isPartOf":{"@id":"https:\/\/whiskytwelve.fr\/en\/#website"},"primaryImageOfPage":{"@id":"https:\/\/whiskytwelve.fr\/en\/distillerie\/une-histoire-damitie\/#primaryimage"},"image":{"@id":"https:\/\/whiskytwelve.fr\/en\/distillerie\/une-histoire-damitie\/#primaryimage"},"thumbnailUrl":"https:\/\/whiskytwelve.fr\/wp-content\/uploads\/2020\/09\/dsc_8090jpg_50163140766_o.jpg","datePublished":"2020-09-08T08:58:13+00:00","dateModified":"2023-10-27T15:16:02+00:00","description":"L'histoire du whisky fran\u00e7ais Twelve est n\u00e9e de l'amiti\u00e9 et de la rencontre de passionn\u00e9s de l'univers du whisky. D\u00e9couvrez comment sont n\u00e9s les wiskies Twelve Whisky.","breadcrumb":{"@id":"https:\/\/whiskytwelve.fr\/en\/distillerie\/une-histoire-damitie\/#breadcrumb"},"inLanguage":"en-US","potentialAction":[{"@type":"ReadAction","target":[["https:\/\/whiskytwelve.fr\/en\/distillerie\/une-histoire-damitie\/"]]}]},{"@type":"ImageObject","inLanguage":"en-US","@id":"https:\/\/whiskytwelve.fr\/en\/distillerie\/une-histoire-damitie\/#primaryimage","url":"https:\/\/whiskytwelve.fr\/wp-content\/uploads\/2020\/09\/dsc_8090jpg_50163140766_o.jpg","contentUrl":"https:\/\/whiskytwelve.fr\/wp-content\/uploads\/2020\/09\/dsc_8090jpg_50163140766_o.jpg","width":1000,"height":667},{"@type":"BreadcrumbList","@id":"https:\/\/whiskytwelve.fr\/en\/distillerie\/une-histoire-damitie\/#breadcrumb","itemListElement":[{"@type":"ListItem","position":1,"name":"Accueil","item":"https:\/\/whiskytwelve.fr\/en\/"},{"@type":"ListItem","position":2,"name":"Distillerie de whisky Twelve","item":"https:\/\/whiskytwelve.fr\/en\/distillerie\/"},{"@type":"ListItem","position":3,"name":"UNE HISTOIRE D\u2019AMITI\u00e9"}]},{"@type":"WebSite","@id":"https:\/\/whiskytwelve.fr\/en\/#website","url":"https:\/\/whiskytwelve.fr\/en\/","name":"WHISKY TWELVE","description":"Whisky d&#039;Aubrac","potentialAction":[{"@type":"SearchAction","target":{"@type":"EntryPoint","urlTemplate":"https:\/\/whiskytwelve.fr\/en\/?s={search_term_string}"},"query-input":{"@type":"PropertyValueSpecification","valueRequired":true,"valueName":"search_term_string"}}],"inLanguage":"en-US"}]}},"_links":{"self":[{"href":"https:\/\/whiskytwelve.fr\/en\/wp-json\/wp\/v2\/pages\/28912","targetHints":{"allow":["GET"]}}],"collection":[{"href":"https:\/\/whiskytwelve.fr\/en\/wp-json\/wp\/v2\/pages"}],"about":[{"href":"https:\/\/whiskytwelve.fr\/en\/wp-json\/wp\/v2\/types\/page"}],"author":[{"embeddable":true,"href":"https:\/\/whiskytwelve.fr\/en\/wp-json\/wp\/v2\/users\/1"}],"replies":[{"embeddable":true,"href":"https:\/\/whiskytwelve.fr\/en\/wp-json\/wp\/v2\/comments?post=28912"}],"version-history":[{"count":4,"href":"https:\/\/whiskytwelve.fr\/en\/wp-json\/wp\/v2\/pages\/28912\/revisions"}],"predecessor-version":[{"id":34380,"href":"https:\/\/whiskytwelve.fr\/en\/wp-json\/wp\/v2\/pages\/28912\/revisions\/34380"}],"up":[{"embeddable":true,"href":"https:\/\/whiskytwelve.fr\/en\/wp-json\/wp\/v2\/pages\/28907"}],"wp:featuredmedia":[{"embeddable":true,"href":"https:\/\/whiskytwelve.fr\/en\/wp-json\/wp\/v2\/media\/28870"}],"wp:attachment":[{"href":"https:\/\/whiskytwelve.fr\/en\/wp-json\/wp\/v2\/media?parent=28912"}],"curies":[{"name":"wp","href":"https:\/\/api.w.org\/{rel}","templated":true}]}}