{"id":28910,"date":"2020-09-08T10:57:19","date_gmt":"2020-09-08T08:57:19","guid":{"rendered":"https:\/\/whisky.scalp.city\/?page_id=28910"},"modified":"2023-10-27T17:50:38","modified_gmt":"2023-10-27T15:50:38","slug":"un-lieu-emblematique","status":"publish","type":"page","link":"https:\/\/whiskytwelve.fr\/en\/distillerie\/un-lieu-emblematique\/","title":{"rendered":"UN LIEU EMBLEMATIQUE"},"content":{"rendered":"","protected":false},"excerpt":{"rendered":"","protected":false},"author":1,"featured_media":28872,"parent":28907,"menu_order":37,"comment_status":"closed","ping_status":"closed","template":"","meta":{"_acf_changed":false,"footnotes":""},"class_list":["post-28910","page","type-page","status-publish","has-post-thumbnail","hentry"],"acf":[],"yoast_head":"<!-- This site is optimized with the Yoast SEO plugin v27.3 - https:\/\/yoast.com\/product\/yoast-seo-wordpress\/ -->\n<title>Presbyt\u00e8re des Anges in Aubrac : Twelve Whisky distillery in France<\/title>\n<meta name=\"description\" content=\"On vous dit tout sur le Presbyt\u00e8re des Anges \u00e0 Aubrac, devenu la distillerie de nos whiskies fran\u00e7ais haut de gamme en \u00e9dition limit\u00e9e : tradition, exigence et savoir-faire.\" \/>\n<meta name=\"robots\" content=\"index, follow, max-snippet:-1, max-image-preview:large, max-video-preview:-1\" \/>\n<link rel=\"canonical\" href=\"https:\/\/whiskytwelve.fr\/en\/distillerie\/un-lieu-emblematique\/\" \/>\n<meta property=\"og:locale\" content=\"en_US\" \/>\n<meta property=\"og:type\" content=\"article\" \/>\n<meta property=\"og:title\" content=\"Presbyt\u00e8re des Anges in Aubrac : Twelve Whisky distillery in France\" \/>\n<meta property=\"og:description\" content=\"On vous dit tout sur le Presbyt\u00e8re des Anges \u00e0 Aubrac, devenu la distillerie de nos whiskies fran\u00e7ais haut de gamme en \u00e9dition limit\u00e9e : tradition, exigence et savoir-faire.\" \/>\n<meta property=\"og:url\" content=\"https:\/\/whiskytwelve.fr\/en\/distillerie\/un-lieu-emblematique\/\" \/>\n<meta property=\"og:site_name\" content=\"WHISKY TWELVE\" \/>\n<meta property=\"article:modified_time\" content=\"2023-10-27T15:50:38+00:00\" \/>\n<meta property=\"og:image\" content=\"https:\/\/whiskytwelve.fr\/wp-content\/uploads\/2020\/09\/LB0912216.jpg\" \/>\n\t<meta property=\"og:image:width\" content=\"1200\" \/>\n\t<meta property=\"og:image:height\" content=\"800\" \/>\n\t<meta property=\"og:image:type\" content=\"image\/jpeg\" \/>\n<meta name=\"twitter:card\" content=\"summary_large_image\" \/>\n<!-- \/ Yoast SEO plugin. -->","yoast_head_json":{"title":"Presbyt\u00e8re des Anges in Aubrac : Twelve Whisky distillery in France","description":"On vous dit tout sur le Presbyt\u00e8re des Anges \u00e0 Aubrac, devenu la distillerie de nos whiskies fran\u00e7ais haut de gamme en \u00e9dition limit\u00e9e : tradition, exigence et savoir-faire.","robots":{"index":"index","follow":"follow","max-snippet":"max-snippet:-1","max-image-preview":"max-image-preview:large","max-video-preview":"max-video-preview:-1"},"canonical":"https:\/\/whiskytwelve.fr\/en\/distillerie\/un-lieu-emblematique\/","og_locale":"en_US","og_type":"article","og_title":"Presbyt\u00e8re des Anges in Aubrac : Twelve Whisky distillery in France","og_description":"On vous dit tout sur le Presbyt\u00e8re des Anges \u00e0 Aubrac, devenu la distillerie de nos whiskies fran\u00e7ais haut de gamme en \u00e9dition limit\u00e9e : tradition, exigence et savoir-faire.","og_url":"https:\/\/whiskytwelve.fr\/en\/distillerie\/un-lieu-emblematique\/","og_site_name":"WHISKY TWELVE","article_modified_time":"2023-10-27T15:50:38+00:00","og_image":[{"width":1200,"height":800,"url":"https:\/\/whiskytwelve.fr\/wp-content\/uploads\/2020\/09\/LB0912216.jpg","type":"image\/jpeg"}],"twitter_card":"summary_large_image","schema":{"@context":"https:\/\/schema.org","@graph":[{"@type":"WebPage","@id":"https:\/\/whiskytwelve.fr\/en\/distillerie\/un-lieu-emblematique\/","url":"https:\/\/whiskytwelve.fr\/en\/distillerie\/un-lieu-emblematique\/","name":"Presbyt\u00e8re des Anges in Aubrac : Twelve Whisky distillery in France","isPartOf":{"@id":"https:\/\/whiskytwelve.fr\/en\/#website"},"primaryImageOfPage":{"@id":"https:\/\/whiskytwelve.fr\/en\/distillerie\/un-lieu-emblematique\/#primaryimage"},"image":{"@id":"https:\/\/whiskytwelve.fr\/en\/distillerie\/un-lieu-emblematique\/#primaryimage"},"thumbnailUrl":"https:\/\/whiskytwelve.fr\/wp-content\/uploads\/2020\/09\/LB0912216.jpg","datePublished":"2020-09-08T08:57:19+00:00","dateModified":"2023-10-27T15:50:38+00:00","description":"On vous dit tout sur le Presbyt\u00e8re des Anges \u00e0 Aubrac, devenu la distillerie de nos whiskies fran\u00e7ais haut de gamme en \u00e9dition limit\u00e9e : tradition, exigence et savoir-faire.","breadcrumb":{"@id":"https:\/\/whiskytwelve.fr\/en\/distillerie\/un-lieu-emblematique\/#breadcrumb"},"inLanguage":"en-US","potentialAction":[{"@type":"ReadAction","target":[["https:\/\/whiskytwelve.fr\/en\/distillerie\/un-lieu-emblematique\/"]]}]},{"@type":"ImageObject","inLanguage":"en-US","@id":"https:\/\/whiskytwelve.fr\/en\/distillerie\/un-lieu-emblematique\/#primaryimage","url":"https:\/\/whiskytwelve.fr\/wp-content\/uploads\/2020\/09\/LB0912216.jpg","contentUrl":"https:\/\/whiskytwelve.fr\/wp-content\/uploads\/2020\/09\/LB0912216.jpg","width":1200,"height":800},{"@type":"BreadcrumbList","@id":"https:\/\/whiskytwelve.fr\/en\/distillerie\/un-lieu-emblematique\/#breadcrumb","itemListElement":[{"@type":"ListItem","position":1,"name":"Accueil","item":"https:\/\/whiskytwelve.fr\/en\/"},{"@type":"ListItem","position":2,"name":"Distillerie de whisky Twelve","item":"https:\/\/whiskytwelve.fr\/en\/distillerie\/"},{"@type":"ListItem","position":3,"name":"UN LIEU EMBLEMATIQUE"}]},{"@type":"WebSite","@id":"https:\/\/whiskytwelve.fr\/en\/#website","url":"https:\/\/whiskytwelve.fr\/en\/","name":"WHISKY TWELVE","description":"Whisky d&#039;Aubrac","potentialAction":[{"@type":"SearchAction","target":{"@type":"EntryPoint","urlTemplate":"https:\/\/whiskytwelve.fr\/en\/?s={search_term_string}"},"query-input":{"@type":"PropertyValueSpecification","valueRequired":true,"valueName":"search_term_string"}}],"inLanguage":"en-US"}]}},"_links":{"self":[{"href":"https:\/\/whiskytwelve.fr\/en\/wp-json\/wp\/v2\/pages\/28910","targetHints":{"allow":["GET"]}}],"collection":[{"href":"https:\/\/whiskytwelve.fr\/en\/wp-json\/wp\/v2\/pages"}],"about":[{"href":"https:\/\/whiskytwelve.fr\/en\/wp-json\/wp\/v2\/types\/page"}],"author":[{"embeddable":true,"href":"https:\/\/whiskytwelve.fr\/en\/wp-json\/wp\/v2\/users\/1"}],"replies":[{"embeddable":true,"href":"https:\/\/whiskytwelve.fr\/en\/wp-json\/wp\/v2\/comments?post=28910"}],"version-history":[{"count":2,"href":"https:\/\/whiskytwelve.fr\/en\/wp-json\/wp\/v2\/pages\/28910\/revisions"}],"predecessor-version":[{"id":34381,"href":"https:\/\/whiskytwelve.fr\/en\/wp-json\/wp\/v2\/pages\/28910\/revisions\/34381"}],"up":[{"embeddable":true,"href":"https:\/\/whiskytwelve.fr\/en\/wp-json\/wp\/v2\/pages\/28907"}],"wp:featuredmedia":[{"embeddable":true,"href":"https:\/\/whiskytwelve.fr\/en\/wp-json\/wp\/v2\/media\/28872"}],"wp:attachment":[{"href":"https:\/\/whiskytwelve.fr\/en\/wp-json\/wp\/v2\/media?parent=28910"}],"curies":[{"name":"wp","href":"https:\/\/api.w.org\/{rel}","templated":true}]}}