{"id":28907,"date":"2020-09-08T10:49:53","date_gmt":"2020-09-08T08:49:53","guid":{"rendered":"https:\/\/whisky.scalp.city\/?page_id=28907"},"modified":"2023-11-15T05:08:17","modified_gmt":"2023-11-15T04:08:17","slug":"distillerie","status":"publish","type":"page","link":"https:\/\/whiskytwelve.fr\/en\/distillerie\/","title":{"rendered":"Distillerie de whisky Twelve"},"content":{"rendered":"<p><img loading=\"lazy\" decoding=\"async\" class=\"alignnone mb-4 size-full wp-image-29089 aligncenter\" src=\"https:\/\/whiskytwelve.fr\/wp-content\/uploads\/2020\/09\/LogoTwelveBlanc.png\" alt=\"\" width=\"90\" height=\"161\" \/><\/p>\n<p style=\"text-align: center;\">Our symbol, the bull, comes from time immemorial. Our logo is the first letter of one of the oldest known alphabets; the protosinaitic alphabet, and not only honors the emblematic animal of Aubrac, but also the volcanic geology of the region, which dates back millions of years, and provides the exceptionally pure water we use to make our whisky.<\/p>\n<p style=\"text-align: center;\">Our philosophy at Twelve Whisky d\u2019Aubrac : unite an ancestral past with modernity, tradition and purity.<\/p>\n<p><\/p>","protected":false},"excerpt":{"rendered":"<p>Our symbol, the bull, comes from time immemorial. Our logo is the first letter of one of the oldest known\u2026<\/p>\n","protected":false},"author":1,"featured_media":28874,"parent":0,"menu_order":35,"comment_status":"closed","ping_status":"closed","template":"template\/distillerie.php","meta":{"_acf_changed":false,"footnotes":""},"class_list":["post-28907","page","type-page","status-publish","has-post-thumbnail","hentry"],"acf":[],"yoast_head":"<!-- This site is optimized with the Yoast SEO plugin v27.3 - https:\/\/yoast.com\/product\/yoast-seo-wordpress\/ -->\n<title>French distillery of Twelwe Whisky in Aubrac, Occitanie<\/title>\n<meta name=\"description\" content=\"D\u00e9couvrez la distillerie fran\u00e7aise de Twelve Whisky, situ\u00e9e dans l&#039;embl\u00e9matique Presbyt\u00e8re des Anges \u00e0 Laguiole (Aubrac) en Occitanie.\" \/>\n<meta name=\"robots\" content=\"index, follow, max-snippet:-1, max-image-preview:large, max-video-preview:-1\" \/>\n<link rel=\"canonical\" href=\"https:\/\/whiskytwelve.fr\/en\/distillerie\/\" \/>\n<meta property=\"og:locale\" content=\"en_US\" \/>\n<meta property=\"og:type\" content=\"article\" \/>\n<meta property=\"og:title\" content=\"French distillery of Twelwe Whisky in Aubrac, Occitanie\" \/>\n<meta property=\"og:description\" content=\"D\u00e9couvrez la distillerie fran\u00e7aise de Twelve Whisky, situ\u00e9e dans l&#039;embl\u00e9matique Presbyt\u00e8re des Anges \u00e0 Laguiole (Aubrac) en Occitanie.\" \/>\n<meta property=\"og:url\" content=\"https:\/\/whiskytwelve.fr\/en\/distillerie\/\" \/>\n<meta property=\"og:site_name\" content=\"WHISKY TWELVE\" \/>\n<meta property=\"article:modified_time\" content=\"2023-11-15T04:08:17+00:00\" \/>\n<meta property=\"og:image\" content=\"https:\/\/whiskytwelve.fr\/wp-content\/uploads\/2020\/09\/twelve-rendu-02.jpg\" \/>\n\t<meta property=\"og:image:width\" content=\"2560\" \/>\n\t<meta property=\"og:image:height\" content=\"1436\" \/>\n\t<meta property=\"og:image:type\" content=\"image\/jpeg\" \/>\n<meta name=\"twitter:card\" content=\"summary_large_image\" \/>\n<meta name=\"twitter:label1\" content=\"Est. reading time\" \/>\n\t<meta name=\"twitter:data1\" content=\"1 minute\" \/>\n<!-- \/ Yoast SEO plugin. -->","yoast_head_json":{"title":"French distillery of Twelwe Whisky in Aubrac, Occitanie","description":"D\u00e9couvrez la distillerie fran\u00e7aise de Twelve Whisky, situ\u00e9e dans l'embl\u00e9matique Presbyt\u00e8re des Anges \u00e0 Laguiole (Aubrac) en Occitanie.","robots":{"index":"index","follow":"follow","max-snippet":"max-snippet:-1","max-image-preview":"max-image-preview:large","max-video-preview":"max-video-preview:-1"},"canonical":"https:\/\/whiskytwelve.fr\/en\/distillerie\/","og_locale":"en_US","og_type":"article","og_title":"French distillery of Twelwe Whisky in Aubrac, Occitanie","og_description":"D\u00e9couvrez la distillerie fran\u00e7aise de Twelve Whisky, situ\u00e9e dans l'embl\u00e9matique Presbyt\u00e8re des Anges \u00e0 Laguiole (Aubrac) en Occitanie.","og_url":"https:\/\/whiskytwelve.fr\/en\/distillerie\/","og_site_name":"WHISKY TWELVE","article_modified_time":"2023-11-15T04:08:17+00:00","og_image":[{"width":2560,"height":1436,"url":"https:\/\/whiskytwelve.fr\/wp-content\/uploads\/2020\/09\/twelve-rendu-02.jpg","type":"image\/jpeg"}],"twitter_card":"summary_large_image","twitter_misc":{"Est. reading time":"1 minute"},"schema":{"@context":"https:\/\/schema.org","@graph":[{"@type":"WebPage","@id":"https:\/\/whiskytwelve.fr\/en\/distillerie\/","url":"https:\/\/whiskytwelve.fr\/en\/distillerie\/","name":"French distillery of Twelwe Whisky in Aubrac, Occitanie","isPartOf":{"@id":"https:\/\/whiskytwelve.fr\/en\/#website"},"primaryImageOfPage":{"@id":"https:\/\/whiskytwelve.fr\/en\/distillerie\/#primaryimage"},"image":{"@id":"https:\/\/whiskytwelve.fr\/en\/distillerie\/#primaryimage"},"thumbnailUrl":"https:\/\/whiskytwelve.fr\/wp-content\/uploads\/2020\/09\/twelve-rendu-02.jpg","datePublished":"2020-09-08T08:49:53+00:00","dateModified":"2023-11-15T04:08:17+00:00","description":"D\u00e9couvrez la distillerie fran\u00e7aise de Twelve Whisky, situ\u00e9e dans l'embl\u00e9matique Presbyt\u00e8re des Anges \u00e0 Laguiole (Aubrac) en Occitanie.","breadcrumb":{"@id":"https:\/\/whiskytwelve.fr\/en\/distillerie\/#breadcrumb"},"inLanguage":"en-US","potentialAction":[{"@type":"ReadAction","target":[["https:\/\/whiskytwelve.fr\/en\/distillerie\/"]]}]},{"@type":"ImageObject","inLanguage":"en-US","@id":"https:\/\/whiskytwelve.fr\/en\/distillerie\/#primaryimage","url":"https:\/\/whiskytwelve.fr\/wp-content\/uploads\/2020\/09\/twelve-rendu-02.jpg","contentUrl":"https:\/\/whiskytwelve.fr\/wp-content\/uploads\/2020\/09\/twelve-rendu-02.jpg","width":2560,"height":1436,"caption":"Distillerie fran\u00e7aise whisky Twelve Aubrac"},{"@type":"BreadcrumbList","@id":"https:\/\/whiskytwelve.fr\/en\/distillerie\/#breadcrumb","itemListElement":[{"@type":"ListItem","position":1,"name":"Accueil","item":"https:\/\/whiskytwelve.fr\/en\/"},{"@type":"ListItem","position":2,"name":"Distillerie de whisky Twelve"}]},{"@type":"WebSite","@id":"https:\/\/whiskytwelve.fr\/en\/#website","url":"https:\/\/whiskytwelve.fr\/en\/","name":"WHISKY TWELVE","description":"Whisky d&#039;Aubrac","potentialAction":[{"@type":"SearchAction","target":{"@type":"EntryPoint","urlTemplate":"https:\/\/whiskytwelve.fr\/en\/?s={search_term_string}"},"query-input":{"@type":"PropertyValueSpecification","valueRequired":true,"valueName":"search_term_string"}}],"inLanguage":"en-US"}]}},"_links":{"self":[{"href":"https:\/\/whiskytwelve.fr\/en\/wp-json\/wp\/v2\/pages\/28907","targetHints":{"allow":["GET"]}}],"collection":[{"href":"https:\/\/whiskytwelve.fr\/en\/wp-json\/wp\/v2\/pages"}],"about":[{"href":"https:\/\/whiskytwelve.fr\/en\/wp-json\/wp\/v2\/types\/page"}],"author":[{"embeddable":true,"href":"https:\/\/whiskytwelve.fr\/en\/wp-json\/wp\/v2\/users\/1"}],"replies":[{"embeddable":true,"href":"https:\/\/whiskytwelve.fr\/en\/wp-json\/wp\/v2\/comments?post=28907"}],"version-history":[{"count":5,"href":"https:\/\/whiskytwelve.fr\/en\/wp-json\/wp\/v2\/pages\/28907\/revisions"}],"predecessor-version":[{"id":34471,"href":"https:\/\/whiskytwelve.fr\/en\/wp-json\/wp\/v2\/pages\/28907\/revisions\/34471"}],"wp:featuredmedia":[{"embeddable":true,"href":"https:\/\/whiskytwelve.fr\/en\/wp-json\/wp\/v2\/media\/28874"}],"wp:attachment":[{"href":"https:\/\/whiskytwelve.fr\/en\/wp-json\/wp\/v2\/media?parent=28907"}],"curies":[{"name":"wp","href":"https:\/\/api.w.org\/{rel}","templated":true}]}}