{"id":28902,"date":"2020-09-08T10:47:37","date_gmt":"2020-09-08T08:47:37","guid":{"rendered":"https:\/\/whisky.scalp.city\/?page_id=28902"},"modified":"2023-10-26T12:07:33","modified_gmt":"2023-10-26T10:07:33","slug":"contact","status":"publish","type":"page","link":"https:\/\/whiskytwelve.fr\/en\/contact\/","title":{"rendered":"Contact"},"content":{"rendered":"<p><\/p>\n<h3>contact information<\/h3>\n<h5><strong>THE BOUTIQUE<\/strong><\/h5>\n<p>11 All\u00e9e de l&#8217;Amicale &#8211; 12 210 Laguiole<br \/>\n+33 (0)5 81 36 14 87<br \/>\n<a style=\"color: #fff!important;\" href=\"mailto:contact@whiskytwelve.fr\">contact@whiskytwelve.fr<\/a><\/p>\n<h5><strong>THE DISTILLERY<\/strong><\/h5>\n<p>14 place du couvent &#8211; 12 210 Laguiole<\/p>","protected":false},"excerpt":{"rendered":"<p>contact information THE BOUTIQUE 11 All\u00e9e de l&#8217;Amicale &#8211; 12 210 Laguiole +33 (0)5 81 36 14 87 contact@whiskytwelve.fr THE\u2026<\/p>\n","protected":false},"author":1,"featured_media":28869,"parent":0,"menu_order":38,"comment_status":"closed","ping_status":"closed","template":"template\/contact.php","meta":{"_acf_changed":false,"footnotes":""},"class_list":["post-28902","page","type-page","status-publish","has-post-thumbnail","hentry"],"acf":[],"yoast_head":"<!-- This site is optimized with the Yoast SEO plugin v27.4 - https:\/\/yoast.com\/product\/yoast-seo-wordpress\/ -->\n<title>Contact Twelve Whisky<\/title>\n<meta name=\"description\" content=\"Une question sur nos whiskies fran\u00e7ais Twelve Whisky ou nos rhums rares ? Contactez-nous par e-mail ou par t\u00e9l\u00e9phone, nous vous r\u00e9pondons rapidement.\" \/>\n<meta name=\"robots\" content=\"index, follow, max-snippet:-1, max-image-preview:large, max-video-preview:-1\" \/>\n<link rel=\"canonical\" href=\"https:\/\/whiskytwelve.fr\/en\/contact\/\" \/>\n<meta property=\"og:locale\" content=\"en_US\" \/>\n<meta property=\"og:type\" content=\"article\" \/>\n<meta property=\"og:title\" content=\"Contact Twelve Whisky\" \/>\n<meta property=\"og:description\" content=\"Une question sur nos whiskies fran\u00e7ais Twelve Whisky ou nos rhums rares ? Contactez-nous par e-mail ou par t\u00e9l\u00e9phone, nous vous r\u00e9pondons rapidement.\" \/>\n<meta property=\"og:url\" content=\"https:\/\/whiskytwelve.fr\/en\/contact\/\" \/>\n<meta property=\"og:site_name\" content=\"WHISKY TWELVE\" \/>\n<meta property=\"article:modified_time\" content=\"2023-10-26T10:07:33+00:00\" \/>\n<meta property=\"og:image\" content=\"https:\/\/whiskytwelve.fr\/wp-content\/uploads\/2020\/09\/dsc_8081jpg_50162604098_o.jpg\" \/>\n\t<meta property=\"og:image:width\" content=\"1000\" \/>\n\t<meta property=\"og:image:height\" content=\"667\" \/>\n\t<meta property=\"og:image:type\" content=\"image\/jpeg\" \/>\n<meta name=\"twitter:card\" content=\"summary_large_image\" \/>\n<!-- \/ Yoast SEO plugin. -->","yoast_head_json":{"title":"Contact Twelve Whisky","description":"Une question sur nos whiskies fran\u00e7ais Twelve Whisky ou nos rhums rares ? Contactez-nous par e-mail ou par t\u00e9l\u00e9phone, nous vous r\u00e9pondons rapidement.","robots":{"index":"index","follow":"follow","max-snippet":"max-snippet:-1","max-image-preview":"max-image-preview:large","max-video-preview":"max-video-preview:-1"},"canonical":"https:\/\/whiskytwelve.fr\/en\/contact\/","og_locale":"en_US","og_type":"article","og_title":"Contact Twelve Whisky","og_description":"Une question sur nos whiskies fran\u00e7ais Twelve Whisky ou nos rhums rares ? Contactez-nous par e-mail ou par t\u00e9l\u00e9phone, nous vous r\u00e9pondons rapidement.","og_url":"https:\/\/whiskytwelve.fr\/en\/contact\/","og_site_name":"WHISKY TWELVE","article_modified_time":"2023-10-26T10:07:33+00:00","og_image":[{"width":1000,"height":667,"url":"https:\/\/whiskytwelve.fr\/wp-content\/uploads\/2020\/09\/dsc_8081jpg_50162604098_o.jpg","type":"image\/jpeg"}],"twitter_card":"summary_large_image","schema":{"@context":"https:\/\/schema.org","@graph":[{"@type":"WebPage","@id":"https:\/\/whiskytwelve.fr\/en\/contact\/","url":"https:\/\/whiskytwelve.fr\/en\/contact\/","name":"Contact Twelve Whisky","isPartOf":{"@id":"https:\/\/whiskytwelve.fr\/en\/#website"},"primaryImageOfPage":{"@id":"https:\/\/whiskytwelve.fr\/en\/contact\/#primaryimage"},"image":{"@id":"https:\/\/whiskytwelve.fr\/en\/contact\/#primaryimage"},"thumbnailUrl":"https:\/\/whiskytwelve.fr\/wp-content\/uploads\/2020\/09\/dsc_8081jpg_50162604098_o.jpg","datePublished":"2020-09-08T08:47:37+00:00","dateModified":"2023-10-26T10:07:33+00:00","description":"Une question sur nos whiskies fran\u00e7ais Twelve Whisky ou nos rhums rares ? Contactez-nous par e-mail ou par t\u00e9l\u00e9phone, nous vous r\u00e9pondons rapidement.","breadcrumb":{"@id":"https:\/\/whiskytwelve.fr\/en\/contact\/#breadcrumb"},"inLanguage":"en-US","potentialAction":[{"@type":"ReadAction","target":[["https:\/\/whiskytwelve.fr\/en\/contact\/"]]}]},{"@type":"ImageObject","inLanguage":"en-US","@id":"https:\/\/whiskytwelve.fr\/en\/contact\/#primaryimage","url":"https:\/\/whiskytwelve.fr\/wp-content\/uploads\/2020\/09\/dsc_8081jpg_50162604098_o.jpg","contentUrl":"https:\/\/whiskytwelve.fr\/wp-content\/uploads\/2020\/09\/dsc_8081jpg_50162604098_o.jpg","width":1000,"height":667},{"@type":"BreadcrumbList","@id":"https:\/\/whiskytwelve.fr\/en\/contact\/#breadcrumb","itemListElement":[{"@type":"ListItem","position":1,"name":"Accueil","item":"https:\/\/whiskytwelve.fr\/en\/"},{"@type":"ListItem","position":2,"name":"Contact"}]},{"@type":"WebSite","@id":"https:\/\/whiskytwelve.fr\/en\/#website","url":"https:\/\/whiskytwelve.fr\/en\/","name":"WHISKY TWELVE","description":"Whisky d&#039;Aubrac","potentialAction":[{"@type":"SearchAction","target":{"@type":"EntryPoint","urlTemplate":"https:\/\/whiskytwelve.fr\/en\/?s={search_term_string}"},"query-input":{"@type":"PropertyValueSpecification","valueRequired":true,"valueName":"search_term_string"}}],"inLanguage":"en-US"}]}},"_links":{"self":[{"href":"https:\/\/whiskytwelve.fr\/en\/wp-json\/wp\/v2\/pages\/28902","targetHints":{"allow":["GET"]}}],"collection":[{"href":"https:\/\/whiskytwelve.fr\/en\/wp-json\/wp\/v2\/pages"}],"about":[{"href":"https:\/\/whiskytwelve.fr\/en\/wp-json\/wp\/v2\/types\/page"}],"author":[{"embeddable":true,"href":"https:\/\/whiskytwelve.fr\/en\/wp-json\/wp\/v2\/users\/1"}],"replies":[{"embeddable":true,"href":"https:\/\/whiskytwelve.fr\/en\/wp-json\/wp\/v2\/comments?post=28902"}],"version-history":[{"count":1,"href":"https:\/\/whiskytwelve.fr\/en\/wp-json\/wp\/v2\/pages\/28902\/revisions"}],"predecessor-version":[{"id":34368,"href":"https:\/\/whiskytwelve.fr\/en\/wp-json\/wp\/v2\/pages\/28902\/revisions\/34368"}],"wp:featuredmedia":[{"embeddable":true,"href":"https:\/\/whiskytwelve.fr\/en\/wp-json\/wp\/v2\/media\/28869"}],"wp:attachment":[{"href":"https:\/\/whiskytwelve.fr\/en\/wp-json\/wp\/v2\/media?parent=28902"}],"curies":[{"name":"wp","href":"https:\/\/api.w.org\/{rel}","templated":true}]}}