{"id":28900,"date":"2020-09-08T10:46:03","date_gmt":"2020-09-08T08:46:03","guid":{"rendered":"https:\/\/whisky.scalp.city\/?page_id=28900"},"modified":"2025-06-27T13:53:23","modified_gmt":"2025-06-27T11:53:23","slug":"visites","status":"publish","type":"page","link":"https:\/\/whiskytwelve.fr\/en\/visites\/","title":{"rendered":"Visites de notre distillerie de whisky"},"content":{"rendered":"","protected":false},"excerpt":{"rendered":"","protected":false},"author":1,"featured_media":29137,"parent":0,"menu_order":39,"comment_status":"closed","ping_status":"closed","template":"template\/visites.php","meta":{"_acf_changed":false,"footnotes":""},"class_list":["post-28900","page","type-page","status-publish","has-post-thumbnail","hentry"],"acf":[],"yoast_head":"<!-- This site is optimized with the Yoast SEO plugin v27.3 - https:\/\/yoast.com\/product\/yoast-seo-wordpress\/ -->\n<title>Visit to Twelve Whisky&#039;s French distillery in Aubrac<\/title>\n<meta name=\"description\" content=\"Plongez au c\u0153ur de la distillerie Twelve, au Presbyt\u00e8re des Anges et d\u00e9couvrez notre brasserie, alambic et chai. Une visite guid\u00e9e et une d\u00e9gustation uniques.\" \/>\n<meta name=\"robots\" content=\"index, follow, max-snippet:-1, max-image-preview:large, max-video-preview:-1\" \/>\n<link rel=\"canonical\" href=\"https:\/\/whiskytwelve.fr\/en\/visites\/\" \/>\n<meta property=\"og:locale\" content=\"en_US\" \/>\n<meta property=\"og:type\" content=\"article\" \/>\n<meta property=\"og:title\" content=\"Visit to Twelve Whisky&#039;s French distillery in Aubrac\" \/>\n<meta property=\"og:description\" content=\"Plongez au c\u0153ur de la distillerie Twelve, au Presbyt\u00e8re des Anges et d\u00e9couvrez notre brasserie, alambic et chai. Une visite guid\u00e9e et une d\u00e9gustation uniques.\" \/>\n<meta property=\"og:url\" content=\"https:\/\/whiskytwelve.fr\/en\/visites\/\" \/>\n<meta property=\"og:site_name\" content=\"WHISKY TWELVE\" \/>\n<meta property=\"article:modified_time\" content=\"2025-06-27T11:53:23+00:00\" \/>\n<meta property=\"og:image\" content=\"https:\/\/whiskytwelve.fr\/wp-content\/uploads\/2020\/09\/home04.jpg\" \/>\n\t<meta property=\"og:image:width\" content=\"2560\" \/>\n\t<meta property=\"og:image:height\" content=\"1600\" \/>\n\t<meta property=\"og:image:type\" content=\"image\/jpeg\" \/>\n<meta name=\"twitter:card\" content=\"summary_large_image\" \/>\n<!-- \/ Yoast SEO plugin. -->","yoast_head_json":{"title":"Visit to Twelve Whisky's French distillery in Aubrac","description":"Plongez au c\u0153ur de la distillerie Twelve, au Presbyt\u00e8re des Anges et d\u00e9couvrez notre brasserie, alambic et chai. Une visite guid\u00e9e et une d\u00e9gustation uniques.","robots":{"index":"index","follow":"follow","max-snippet":"max-snippet:-1","max-image-preview":"max-image-preview:large","max-video-preview":"max-video-preview:-1"},"canonical":"https:\/\/whiskytwelve.fr\/en\/visites\/","og_locale":"en_US","og_type":"article","og_title":"Visit to Twelve Whisky's French distillery in Aubrac","og_description":"Plongez au c\u0153ur de la distillerie Twelve, au Presbyt\u00e8re des Anges et d\u00e9couvrez notre brasserie, alambic et chai. Une visite guid\u00e9e et une d\u00e9gustation uniques.","og_url":"https:\/\/whiskytwelve.fr\/en\/visites\/","og_site_name":"WHISKY TWELVE","article_modified_time":"2025-06-27T11:53:23+00:00","og_image":[{"width":2560,"height":1600,"url":"https:\/\/whiskytwelve.fr\/wp-content\/uploads\/2020\/09\/home04.jpg","type":"image\/jpeg"}],"twitter_card":"summary_large_image","schema":{"@context":"https:\/\/schema.org","@graph":[{"@type":"WebPage","@id":"https:\/\/whiskytwelve.fr\/en\/visites\/","url":"https:\/\/whiskytwelve.fr\/en\/visites\/","name":"Visit to Twelve Whisky's French distillery in Aubrac","isPartOf":{"@id":"https:\/\/whiskytwelve.fr\/en\/#website"},"primaryImageOfPage":{"@id":"https:\/\/whiskytwelve.fr\/en\/visites\/#primaryimage"},"image":{"@id":"https:\/\/whiskytwelve.fr\/en\/visites\/#primaryimage"},"thumbnailUrl":"https:\/\/whiskytwelve.fr\/wp-content\/uploads\/2020\/09\/home04.jpg","datePublished":"2020-09-08T08:46:03+00:00","dateModified":"2025-06-27T11:53:23+00:00","description":"Plongez au c\u0153ur de la distillerie Twelve, au Presbyt\u00e8re des Anges et d\u00e9couvrez notre brasserie, alambic et chai. Une visite guid\u00e9e et une d\u00e9gustation uniques.","breadcrumb":{"@id":"https:\/\/whiskytwelve.fr\/en\/visites\/#breadcrumb"},"inLanguage":"en-US","potentialAction":[{"@type":"ReadAction","target":[["https:\/\/whiskytwelve.fr\/en\/visites\/"]]}]},{"@type":"ImageObject","inLanguage":"en-US","@id":"https:\/\/whiskytwelve.fr\/en\/visites\/#primaryimage","url":"https:\/\/whiskytwelve.fr\/wp-content\/uploads\/2020\/09\/home04.jpg","contentUrl":"https:\/\/whiskytwelve.fr\/wp-content\/uploads\/2020\/09\/home04.jpg","width":2560,"height":1600,"caption":"Visite distillerie fran\u00e7aise Twelve Laguiole Aubrac"},{"@type":"BreadcrumbList","@id":"https:\/\/whiskytwelve.fr\/en\/visites\/#breadcrumb","itemListElement":[{"@type":"ListItem","position":1,"name":"Accueil","item":"https:\/\/whiskytwelve.fr\/en\/"},{"@type":"ListItem","position":2,"name":"Visites de notre distillerie de whisky"}]},{"@type":"WebSite","@id":"https:\/\/whiskytwelve.fr\/en\/#website","url":"https:\/\/whiskytwelve.fr\/en\/","name":"WHISKY TWELVE","description":"Whisky d&#039;Aubrac","potentialAction":[{"@type":"SearchAction","target":{"@type":"EntryPoint","urlTemplate":"https:\/\/whiskytwelve.fr\/en\/?s={search_term_string}"},"query-input":{"@type":"PropertyValueSpecification","valueRequired":true,"valueName":"search_term_string"}}],"inLanguage":"en-US"}]}},"_links":{"self":[{"href":"https:\/\/whiskytwelve.fr\/en\/wp-json\/wp\/v2\/pages\/28900","targetHints":{"allow":["GET"]}}],"collection":[{"href":"https:\/\/whiskytwelve.fr\/en\/wp-json\/wp\/v2\/pages"}],"about":[{"href":"https:\/\/whiskytwelve.fr\/en\/wp-json\/wp\/v2\/types\/page"}],"author":[{"embeddable":true,"href":"https:\/\/whiskytwelve.fr\/en\/wp-json\/wp\/v2\/users\/1"}],"replies":[{"embeddable":true,"href":"https:\/\/whiskytwelve.fr\/en\/wp-json\/wp\/v2\/comments?post=28900"}],"version-history":[{"count":20,"href":"https:\/\/whiskytwelve.fr\/en\/wp-json\/wp\/v2\/pages\/28900\/revisions"}],"predecessor-version":[{"id":35430,"href":"https:\/\/whiskytwelve.fr\/en\/wp-json\/wp\/v2\/pages\/28900\/revisions\/35430"}],"wp:featuredmedia":[{"embeddable":true,"href":"https:\/\/whiskytwelve.fr\/en\/wp-json\/wp\/v2\/media\/29137"}],"wp:attachment":[{"href":"https:\/\/whiskytwelve.fr\/en\/wp-json\/wp\/v2\/media?parent=28900"}],"curies":[{"name":"wp","href":"https:\/\/api.w.org\/{rel}","templated":true}]}}